{"id":3648,"date":"2023-03-27T01:24:29","date_gmt":"2023-03-26T22:24:29","guid":{"rendered":"https:\/\/www.retreatlatvia.com\/payment\/"},"modified":"2023-04-25T18:38:45","modified_gmt":"2023-04-25T15:38:45","slug":"payment","status":"publish","type":"page","link":"https:\/\/www.retreatlatvia.com\/lv\/payment\/","title":{"rendered":"Payment"},"content":{"rendered":"<section class=\"request section section--80 section--white\">\n\t<div class=\"container\">\n\t\t<div class=\"request__inner\">\n\t\t\t<div class=\"request__form request-form form\" style=\"margin-left:auto;margin-right:auto;\">\n\t\t\t\t\t\t\t\t<h2 class=\"request-form__title\">\u041e\u043f\u043b\u0430\u0442\u0430 \u043f\u043e \u0441\u0441\u044b\u043b\u043a\u0435 \u0441 \u043e\u0442\u043a\u0440\u044b\u0442\u043e\u0439 \u0441\u0443\u043c\u043c\u043e\u0439<\/h2>\n\t\t\t\t\t\t\t\t\t\t\t\t\n<div class=\"wpcf7 no-js\" id=\"wpcf7-f3676-o1\" lang=\"ru-RU\" dir=\"ltr\">\n<div class=\"screen-reader-response\"><p role=\"status\" aria-live=\"polite\" aria-atomic=\"true\"><\/p> <ul><\/ul><\/div>\n<form action=\"\/lv\/wp-json\/wp\/v2\/pages\/3648#wpcf7-f3676-o1\" method=\"post\" class=\"wpcf7-form init\" aria-label=\"Contact form\" novalidate=\"novalidate\" data-status=\"init\">\n<div style=\"display: none;\">\n<input type=\"hidden\" name=\"_wpcf7\" value=\"3676\" \/>\n<input type=\"hidden\" name=\"_wpcf7_version\" value=\"5.8.1\" \/>\n<input type=\"hidden\" name=\"_wpcf7_locale\" value=\"ru_RU\" \/>\n<input type=\"hidden\" name=\"_wpcf7_unit_tag\" value=\"wpcf7-f3676-o1\" \/>\n<input type=\"hidden\" name=\"_wpcf7_container_post\" value=\"0\" \/>\n<input type=\"hidden\" name=\"_wpcf7_posted_data_hash\" value=\"\" \/>\n<\/div>\n<div class=\"hidden\">\n<span class=\"wpcf7-form-control-wrap\" data-name=\"url\"><input size=\"40\" class=\"wpcf7-form-control wpcf7-text hidden\" aria-invalid=\"false\" value=\"https:\/\/payment.maksekeskus.ee\/pay\/1\/link.html\" type=\"text\" name=\"url\" \/><\/span>\n<span class=\"wpcf7-form-control-wrap\" data-name=\"shopId\"><input size=\"40\" class=\"wpcf7-form-control wpcf7-text hidden\" aria-invalid=\"false\" value=\"58cea00b-2da6-443e-9457-2224df976308\" type=\"text\" name=\"shopId\" \/><\/span>\n<span class=\"wpcf7-form-control-wrap\" data-name=\"payment_id\"><input size=\"40\" class=\"wpcf7-form-control wpcf7-text hidden\" aria-invalid=\"false\" value=\"\" type=\"text\" name=\"payment_id\" \/><\/span>\n<span class=\"wpcf7-form-control-wrap\" data-name=\"paymentName\"><input size=\"40\" class=\"wpcf7-form-control wpcf7-text hidden\" aria-invalid=\"false\" value=\"\" type=\"text\" name=\"paymentName\" \/><\/span>\n<span class=\"wpcf7-form-control-wrap\" data-name=\"locale\"><input size=\"40\" class=\"wpcf7-form-control wpcf7-text hidden\" aria-invalid=\"false\" value=\"en\" type=\"text\" name=\"locale\" \/><\/span>\n<span class=\"wpcf7-form-control-wrap\" data-name=\"country\"><input size=\"40\" class=\"wpcf7-form-control wpcf7-text hidden\" aria-invalid=\"false\" value=\"lt\" type=\"text\" name=\"country\" \/><\/span>\n<span class=\"wpcf7-form-control-wrap\" data-name=\"donate\"><input size=\"40\" class=\"wpcf7-form-control wpcf7-text hidden\" aria-invalid=\"false\" value=\"true\" type=\"text\" name=\"donate\" \/><\/span>\n<\/div>\n\n<div class=\"modal-form__row\">\n<div class=\"modal-form__field js-input\">\n<span class=\"wpcf7-form-control-wrap\" data-name=\"fio\"><input size=\"40\" minlength=\"5\" class=\"wpcf7-form-control wpcf7-text wpcf7-validates-as-required form__input\" aria-required=\"true\" aria-invalid=\"false\" placeholder=\"V\u0101rds un uzv\u0101rds\" value=\"\" type=\"text\" name=\"fio\" \/><\/span>\n<label class=\"form__label\">V\u0101rds un uzv\u0101rds<\/label>\n<\/div>\n<\/div>\n\n<div class=\"modal-form__row\">\n<div class=\"modal-form__field js-input\">\n<span class=\"wpcf7-form-control-wrap\" data-name=\"phone\"><input size=\"40\" minlength=\"8\" class=\"wpcf7-form-control wpcf7-tel wpcf7-validates-as-required wpcf7-text wpcf7-validates-as-tel form__input\" aria-required=\"true\" aria-invalid=\"false\" placeholder=\"T\u0101lrunis\" value=\"\" type=\"tel\" name=\"phone\" \/><\/span>\n<label class=\"form__label\">T\u0101lrunis<\/label>\n<\/div>\n<\/div>\n\n<div class=\"modal-form__row\">\n<div class=\"modal-form__field js-input\">\n<span class=\"wpcf7-form-control-wrap\" data-name=\"email\"><input size=\"40\" minlength=\"4\" class=\"wpcf7-form-control wpcf7-email wpcf7-validates-as-required wpcf7-text wpcf7-validates-as-email form__input\" aria-required=\"true\" aria-invalid=\"false\" placeholder=\"E-pasts\" value=\"\" type=\"email\" name=\"email\" \/><\/span>\n<label for=\"email\" class=\"form__label\">E-pasts<\/label>\n<\/div>\n<\/div>\n\n<div class=\"modal-form__row\">\n<div class=\"modal-form__field js-input\">\n<span class=\"wpcf7-form-control-wrap\" data-name=\"country\"><input size=\"40\" minlength=\"2\" class=\"wpcf7-form-control wpcf7-text wpcf7-validates-as-required form__input\" aria-required=\"true\" aria-invalid=\"false\" placeholder=\"Dz\u012bvesvietas valsts\" value=\"\" type=\"text\" name=\"country\" \/><\/span>\n<label class=\"form__label\">Dz\u012bvesvietas valsts<\/label>\n<\/div>\n<\/div>\n\n<div class=\"modal-form__row\">\n<div class=\"modal-form__field js-input\">\n<span class=\"wpcf7-form-control-wrap\" data-name=\"amount\"><input class=\"wpcf7-form-control wpcf7-number wpcf7-validates-as-required wpcf7-validates-as-number form__input\" min=\"0\" aria-required=\"true\" aria-invalid=\"false\" placeholder=\"Total\" value=\"\" type=\"number\" name=\"amount\" \/><\/span>\n<span class=\"wpcf7-form-control-wrap\" data-name=\"result_amount\"><input class=\"wpcf7-form-control wpcf7-number wpcf7-validates-as-number form__input\" min=\"0\" aria-invalid=\"false\" placeholder=\"Summa\" value=\"\" type=\"number\" name=\"result_amount\" \/><\/span>\n<label class=\"form__label\">Summa<\/label>\n<\/div>\n<\/div>\n\n<div class=\"modal-form__row\">\n<div class=\"modal-form__field js-input\">\n<span class=\"wpcf7-form-control-wrap\" data-name=\"qty\"><input class=\"wpcf7-form-control wpcf7-number wpcf7-validates-as-required wpcf7-validates-as-number form__input\" min=\"1\" aria-required=\"true\" aria-invalid=\"false\" placeholder=\"Skaits\" value=\"\" type=\"number\" name=\"qty\" \/><\/span>\n<label class=\"form__label\">Skaits<\/label>\n<\/div>\n<\/div>\n\n<div class=\"modal-form__row\">\n<div class=\"request-form__accept form__checkbox\" style=\"margin-bottom:0;\">\n<label class=\"text-secondary js-cf7-checkbox\"><span class=\"wpcf7-form-control-wrap\" data-name=\"newsletter\"><span class=\"wpcf7-form-control wpcf7-checkbox wpcf7-exclusive-checkbox visually-hidden\"><span class=\"wpcf7-list-item first last\"><input type=\"checkbox\" name=\"newsletter\" value=\"\u0425\u043e\u0447\u0443 \u043f\u043e\u0434\u043f\u0438\u0441\u0430\u0442\u044c\u0441\u044f \u043d\u0430 \u0440\u0430\u0441\u0441\u044b\u043b\u043a\u0443\" \/><span class=\"wpcf7-list-item-label\">\u0425\u043e\u0447\u0443 \u043f\u043e\u0434\u043f\u0438\u0441\u0430\u0442\u044c\u0441\u044f \u043d\u0430 \u0440\u0430\u0441\u0441\u044b\u043b\u043a\u0443<\/span><\/span><\/span><\/span>Abon\u0113t jaunumu v\u0113stules<\/label>\n<\/div>\n<\/div>\n\n<div class=\"modal-form__row modal-form__row--button\">\n<div style=\"position:relative;width:100%;\"><button type=\"submit\" class=\"wpcf7-form-control wpcf7-submit has-spinner btn btn--border\" data-form-btn-submit>Apmaks\u0101t<\/button><\/div>\n<\/div>\n<p class=\"request-form__text text-secondary text-black-80\">Nospie\u017eot pogu, j\u016bs piekr\u012btat <a href=\"https:\/\/www.retreatlatvia.com\/lv\/privatuma-politika\/\" target=\"_blank\">Priv\u0101tuma politikas<\/a>, <a href=\"https:\/\/www.retreatlatvia.com\/lv\/publiska-piedavajuma\/\" target=\"_blank\">Publisk\u0101 pied\u0101v\u0101juma l\u012bguma noteikumiem<\/a> un personas datu apstr\u0101des noteikumiem.<\/p><input type=\"hidden\" name=\"product_name\" value= \"Payment\"\/><div class=\"wpcf7-response-output\" aria-hidden=\"true\"><\/div>\n<\/form>\n<\/div>\n\t\t\t<\/div>\n\t\t<\/div>\n\t<\/div>\n<\/section>\n\n\n\n<p><gwmw style=\"display:none;\"><\/gwmw><\/p>\n","protected":false},"excerpt":{"rendered":"","protected":false},"author":1,"featured_media":0,"parent":0,"menu_order":0,"comment_status":"closed","ping_status":"closed","template":"template-payment.php","meta":{"inline_featured_image":false,"footnotes":""},"acf":[],"_links":{"self":[{"href":"https:\/\/www.retreatlatvia.com\/lv\/wp-json\/wp\/v2\/pages\/3648"}],"collection":[{"href":"https:\/\/www.retreatlatvia.com\/lv\/wp-json\/wp\/v2\/pages"}],"about":[{"href":"https:\/\/www.retreatlatvia.com\/lv\/wp-json\/wp\/v2\/types\/page"}],"author":[{"embeddable":true,"href":"https:\/\/www.retreatlatvia.com\/lv\/wp-json\/wp\/v2\/users\/1"}],"replies":[{"embeddable":true,"href":"https:\/\/www.retreatlatvia.com\/lv\/wp-json\/wp\/v2\/comments?post=3648"}],"version-history":[{"count":3,"href":"https:\/\/www.retreatlatvia.com\/lv\/wp-json\/wp\/v2\/pages\/3648\/revisions"}],"predecessor-version":[{"id":3680,"href":"https:\/\/www.retreatlatvia.com\/lv\/wp-json\/wp\/v2\/pages\/3648\/revisions\/3680"}],"wp:attachment":[{"href":"https:\/\/www.retreatlatvia.com\/lv\/wp-json\/wp\/v2\/media?parent=3648"}],"curies":[{"name":"wp","href":"https:\/\/api.w.org\/{rel}","templated":true}]}}