{"id":3492,"date":"2023-01-30T21:17:46","date_gmt":"2023-01-30T18:17:46","guid":{"rendered":"https:\/\/www.retreatlatvia.com\/o-retritnom-dome-narbuli\/"},"modified":"2024-06-26T16:10:10","modified_gmt":"2024-06-26T13:10:10","slug":"par-retritu-maju","status":"publish","type":"page","link":"https:\/\/www.retreatlatvia.com\/lv\/par-retritu-maju\/","title":{"rendered":"Par retr\u012btu m\u0101ju \u00abN\u0101rbu\u013ci\u00bb"},"content":{"rendered":"<section class=\"intro intro--tour\">\r\n\t<div class=\"container container--wide\">\r\n\t\t<div class=\"intro__inner tour\">\r\n\t\t\t<nav aria-label=\"Breadcrumbs\" class=\"breadcrumbs intro__breadcrumbs\"><ul class=\"trail-items breadcrumbs-list\" itemscope itemtype=\"http:\/\/schema.org\/BreadcrumbList\"><li itemprop=\"itemListElement\" itemscope itemtype=\"http:\/\/schema.org\/ListItem\" class=\"trail-item breadcrumbs-list__item breadcrumb trail-end\"><a href=\"https:\/\/www.retreatlatvia.com\/lv\/\" rel=\"home\" itemprop=\"item\"><span itemprop=\"name\">Home<\/span><\/a><meta itemprop=\"position\" content=\"1\" \/><\/li><\/ul><\/nav>\t\t\t<h1 class=\"intro__title tour__title\">Par retr\u012btu m\u0101ju \u00abN\u0101rbu\u013ci\u00bb<\/h1>\r\n\t\t\t<p class=\"intro__text tour__text\">Vien\u012bg\u0101 arhetipu m\u0101ja pasaul\u0113<\/p>\r\n\t\t\t<div class=\"intro__preview tour__preview\">\r\n\t\t\t\t\t\t\t\t\t\t\t\t<div class=\"intro__preview-image tour__preview-image\">\r\n\t\t\t\t\t<img decoding=\"async\" class=\"cover\" src=\"https:\/\/www.retreatlatvia.com\/wp-content\/uploads\/2023\/04\/pervyj-ekran.jpg\" alt=\"\">\r\n\t\t\t\t\t\t\t\t\t<\/div>\r\n\t\t\t\t\t\t\t<\/div>\r\n\t\t<\/div>\r\n\t<\/div>\r\n<\/section>\r\n\n\n<section class=\"about about--org section--grey\">\n\t<div class=\"container\">\n\t\t<div class=\"polaroid-images\">\n\t\t\t<div class=\"polaroid-image\">\n\t\t\t\t<div class=\"polaroid-image__inner\">\n\t\t\t\t\t<img decoding=\"async\" class=\"cover\" src=\"https:\/\/www.retreatlatvia.com\/wp-content\/uploads\/2023\/03\/vtoroj-ekran-scaled.jpg\" srcset=\"https:\/\/www.retreatlatvia.com\/wp-content\/uploads\/2023\/03\/vtoroj-ekran-scaled.jpg 1x, https:\/\/www.retreatlatvia.com\/wp-content\/uploads\/2023\/03\/vtoroj-ekran-scaled.jpg 2x\" alt=\"\">\n\t\t\t\t<\/div>\n\t\t\t<\/div>\n\t\t\t<div class=\"polaroid-image\">\n\t\t\t\t<div class=\"polaroid-image__inner\">\n\t\t\t\t\t<img decoding=\"async\" class=\"cover\" src=\"https:\/\/www.retreatlatvia.com\/wp-content\/uploads\/2023\/03\/vtoroj-ekran2-scaled.jpg\" srcset=\"https:\/\/www.retreatlatvia.com\/wp-content\/uploads\/2023\/03\/vtoroj-ekran2-scaled.jpg 1x, https:\/\/www.retreatlatvia.com\/wp-content\/uploads\/2023\/03\/vtoroj-ekran2-scaled.jpg 2x\" alt=\"\">\n\t\t\t\t<\/div>\n\t\t\t<\/div>\n\t\t<\/div>\n\t\t<div class=\"about-inner\">\n\t\t\t<div class=\"about-info\">\n\t\t\t\t<h2 class=\"about-info__title\">Piepildiet sevi ar jums vajadz\u012bg\u0101 arhetipa ener\u0123iju<\/h2>\n\t\t\t\t<div class=\"about-info__desc field-editor\"><p>&nbsp;<\/p>\n<\/div>\n\t\t\t\t\t\t\t\t<ul class=\"about-info__list\">\n\t\t\t\t\t\t\t\t\t\t<li class=\"round-point round-point--copper\">Unik\u0101la vieta pie \u016bdens me\u017eu kl\u0101taj\u0101 eko ciemat\u0101 \u201cAmatciems\u201d ar m\u016bsdien\u012bgu infrastrukt\u016bru un pils\u0113tvides komfortu<\/li>\n\t\t\t\t\t\t\t\t\t\t<li class=\"round-point round-point--yellow\">Devi\u0146as arhetipu istabas, kas katra savu iem\u012btnieku piepilda ar konkr\u0113tu ener\u0123iju<\/li>\n\t\t\t\t\t\t\t\t\t\t<li class=\"round-point round-point--ooze\">\u012apa\u0161i apr\u012bkota z\u0101le, liela terase, virtuves un \u0113damz\u0101le, liela pirts un pirts priek\u0161telpa, atp\u016btas telpa ar kam\u012bnu nodro\u0161ina visu nepiecie\u0161amo produkt\u012bvam un iek\u013caujo\u0161am darbam grup\u0101m no 9 l\u012bdz 12 cilv\u0113kiem<\/li>\n\t\t\t\t\t\t\t\t\t<\/ul>\n\t\t\t\t\t\t\t\t\t\t\t\t<a class=\"about-info__link btn btn--border\" href=\"https:\/\/www.retreatlatvia.com\/lv\/maja-un-tas-teritorija\/\">Uzzin\u0101t vair\u0101k<\/a>\n\t\t\t\t\t\t\t<\/div>\n\t\t<\/div>\n\t<\/div>\n<\/section>\n\n\n<section class=\"narbuli-inside section section--white section--white section--80\">\n\t<div class=\"narbuli-inside__inner container\">\n\t\t\t\t<div class=\"inside-column\">\n\t\t\t<div class=\"inside-column__image inside-image\">\n\t\t\t\t<img decoding=\"async\" class=\"cover\" src=\"https:\/\/www.retreatlatvia.com\/wp-content\/uploads\/2023\/03\/v-serdcze-latvii-scaled.jpg\" alt=\"\">\n\t\t\t<\/div>\n\t\t\t<div class=\"inside-column__info\">\n\t\t\t\t<h3>Unik\u0101la vieta Latvijas sird\u012b&#8230;<\/h3>\n\t\t\t\t\t\t\t\t\t<div class=\"onest-meium\">&#8230;.vien\u012bg\u0101 arhetipu m\u0101ja pasaul\u0113, kur klusums un no\u0161\u0137irt\u012bba pal\u012bdz koncentr\u0113ties uz iek\u0161\u0113jo darbu, bet katras istabas vide rada at\u0161\u0137ir\u012bgus st\u0101vok\u013cus un veicina noteikta zemapzi\u0146as satura atkl\u0101\u0161anos un integr\u0101ciju. \r\n<\/div>\n\t\t\t\t\t\t\t<\/div>\n\t\t<\/div>\n\t\t\t\t\t\t<div class=\"inside-column\">\n\t\t\t<div class=\"inside-column__image inside-image inside-image--plus\">\n\t\t\t\t<img decoding=\"async\" class=\"cover\" src=\"https:\/\/www.retreatlatvia.com\/wp-content\/uploads\/2023\/03\/avtorskie-transformaczionnye-programmy.png\" alt=\"\">\n\t\t\t\t<div class=\"inside-image__info cover\">\n\t\t\t\t\t<h3>Transform\u0113jo\u0161as autorprogrammas&#8230;<\/h3>\n\t\t\t\t\t\t\t\t\t\t\t<div class=\"onest-meium\">&#8230;ar uzman\u012bgu, profesion\u0101lu un uzticamu vad\u012bt\u0101ju atbalstu, kas pal\u012bdz retr\u012btu dal\u012bbniekiem risin\u0101t savas dz\u012bves aktu\u0101los uzdevumus.<\/div>\n\t\t\t\t\t\t\t\t\t<\/div>\n\t\t\t\t<div class=\"inside-plus\">\n\t\t\t\t\t<svg><use xlink:href=\"https:\/\/www.retreatlatvia.com\/wp-content\/themes\/narbuli-new\/assets\/dist\/images\/icons\/svg-sprite.svg#inside-image-plus\"><\/use><\/svg>\n\t\t\t\t<\/div>\n\t\t\t<\/div>\n\t\t<\/div>\n\t\t\t<\/div>\n<\/section>\n\n\n<section class=\"location section section--white section--80 section--white\">\r\n\t<div class=\"container\">\r\n\t\t\t\t<div class=\"location-image\">\r\n\t\t\t<img decoding=\"async\" class=\"cover\" src=\"https:\/\/www.retreatlatvia.com\/wp-content\/uploads\/2023\/03\/gde-my-nahodimsya.jpg\" alt=\"\">\r\n\t\t<\/div>\r\n\t\t\t\t<div class=\"location-bottom\">\r\n\t\t\t<div class=\"location-bottom__info\">\r\n\t\t\t\t<h3 class=\"location-bottom__title\">Kur m\u0113s atrodamies<\/h3>\r\n\t\t\t\t<div class=\"location-bottom__desc field-editor\"><p><span style=\"font-weight: 400;\">Retr\u012btu m\u0101ja \u201cN\u0101rbu\u013ci\u201d \u2013 t\u0101 ir m\u016bsdien\u012bga, pla\u0161a koted\u017ea, kas atrodas visunik\u0101l\u0101kaj\u0101 viet\u0101 Latvij\u0101 \u2013 Amatciem\u0101, 80 km no R\u012bgas.<\/span><\/p>\n<p><span style=\"font-weight: 400;\">Tuv\u0101k\u0101 lidosta \u2014 Riga International Airport (97 km)<\/span><\/p>\n<div id=\"gtx-trans\" style=\"position: absolute; left: -69px; top: -8.8px;\">\n<div class=\"gtx-trans-icon\"><\/div>\n<\/div>\n<\/div>\r\n\t\t\t<\/div>\r\n\t\t\t\t\t\t<div class=\"location-bottom__address\">\r\n\t\t\t\t<address>Narbu\u013ci, Amatciems, Drabe\u0161u pagasts, Amatas novads, LV-4101<\/address>\n\n<p><span style=\"font-weight: 400;\"><strong>GPS:<\/strong> 57.225185, 25.303144<\/span><\/p>\n<p>&nbsp;<\/p>\n\t\t\t\t\t\t\t\t<a class=\"location-bottom__link btn btn--border\" href=\"https:\/\/www.retreatlatvia.com\/lv\/kontakti\/\">K\u0101 nok\u013c\u016bt<\/a>\r\n\t\t\t\t\t\t\t<\/div>\r\n\t\t\t\t\t<\/div>\r\n\t<\/div>\r\n<\/section>\r\n\n\n<section class=\"idea idea--slider section section--80 section--blue\">\r\n\t<div class=\"container\">\r\n\t\t<div class=\"idea__head section__head\">\r\n\t\t\t<h2 class=\"idea__title text-center\">Istabas \u2013 arhetipi<\/h2>\r\n\t\t<\/div>\r\n\t\t<div class=\"idea__inner\">\r\n\t\t\t<div class=\"idea-slider swiper\">\r\n\t\t\t\t<div class=\"swiper-wrapper\">\r\n\t\t\t\t\t\t\t\t\t\t<div class=\"idea-slide swiper-slide\">\r\n\t\t\t\t\t\t<div class=\"idea-slide__inner\">\r\n\t\t\t\t\t\t\t<img decoding=\"async\" class=\"cover\" src=\"https:\/\/www.retreatlatvia.com\/wp-content\/uploads\/2023\/03\/korol-scaled.jpg\" alt=\"\">\r\n\t\t\t\t\t\t<\/div>\r\n\t\t\t\t\t\t<div class=\"idea-slide__post\"><a href=\"https:\/\/www.retreatlatvia.com\/lv\/rooms-archetypes\/karala-istaba\/\">Kara\u013ca istaba<\/a><\/div>\r\n\t\t\t\t\t<\/div>\r\n\t\t\t\t\t\t\t\t\t\t<div class=\"idea-slide swiper-slide\">\r\n\t\t\t\t\t\t<div class=\"idea-slide__inner\">\r\n\t\t\t\t\t\t\t<img decoding=\"async\" class=\"cover\" src=\"https:\/\/www.retreatlatvia.com\/wp-content\/uploads\/2023\/03\/shut-scaled.jpg\" alt=\"\">\r\n\t\t\t\t\t\t<\/div>\r\n\t\t\t\t\t\t<div class=\"idea-slide__post\"><a href=\"https:\/\/www.retreatlatvia.com\/lv\/rooms-archetypes\/jokdara-istaba\/\">Jokdara istaba<\/a><\/div>\r\n\t\t\t\t\t<\/div>\r\n\t\t\t\t\t\t\t\t\t\t<div class=\"idea-slide swiper-slide\">\r\n\t\t\t\t\t\t<div class=\"idea-slide__inner\">\r\n\t\t\t\t\t\t\t<img decoding=\"async\" class=\"cover\" src=\"https:\/\/www.retreatlatvia.com\/wp-content\/uploads\/2023\/03\/mag-scaled.jpg\" alt=\"\">\r\n\t\t\t\t\t\t<\/div>\r\n\t\t\t\t\t\t<div class=\"idea-slide__post\"><a href=\"https:\/\/www.retreatlatvia.com\/lv\/rooms-archetypes\/burvja-istaba\/\">Burvja istaba<\/a><\/div>\r\n\t\t\t\t\t<\/div>\r\n\t\t\t\t\t\t\t\t\t\t<div class=\"idea-slide swiper-slide\">\r\n\t\t\t\t\t\t<div class=\"idea-slide__inner\">\r\n\t\t\t\t\t\t\t<img decoding=\"async\" class=\"cover\" src=\"https:\/\/www.retreatlatvia.com\/wp-content\/uploads\/2023\/03\/voin-scaled.jpg\" alt=\"\">\r\n\t\t\t\t\t\t<\/div>\r\n\t\t\t\t\t\t<div class=\"idea-slide__post\"><a href=\"https:\/\/www.retreatlatvia.com\/lv\/rooms-archetypes\/karotaja-istaba\/\">Karot\u0101ja istaba<\/a><\/div>\r\n\t\t\t\t\t<\/div>\r\n\t\t\t\t\t\t\t\t\t\t<div class=\"idea-slide swiper-slide\">\r\n\t\t\t\t\t\t<div class=\"idea-slide__inner\">\r\n\t\t\t\t\t\t\t<img decoding=\"async\" class=\"cover\" src=\"https:\/\/www.retreatlatvia.com\/wp-content\/uploads\/2023\/03\/588a0036-hdr-edit-1-scaled.jpg\" alt=\"\">\r\n\t\t\t\t\t\t<\/div>\r\n\t\t\t\t\t\t<div class=\"idea-slide__post\"><a href=\"https:\/\/www.retreatlatvia.com\/lv\/rooms-archetypes\/enas-istaba\/\">\u0112nas istaba<\/a><\/div>\r\n\t\t\t\t\t<\/div>\r\n\t\t\t\t\t\t\t\t\t\t<div class=\"idea-slide swiper-slide\">\r\n\t\t\t\t\t\t<div class=\"idea-slide__inner\">\r\n\t\t\t\t\t\t\t<img decoding=\"async\" class=\"cover\" src=\"https:\/\/www.retreatlatvia.com\/wp-content\/uploads\/2023\/03\/samost2-scaled.jpg\" alt=\"\">\r\n\t\t\t\t\t\t<\/div>\r\n\t\t\t\t\t\t<div class=\"idea-slide__post\"><a href=\"https:\/\/www.retreatlatvia.com\/lv\/rooms-archetypes\/patibas\/\">Pat\u012bbas istaba<\/a><\/div>\r\n\t\t\t\t\t<\/div>\r\n\t\t\t\t\t\t\t\t\t\t<div class=\"idea-slide swiper-slide\">\r\n\t\t\t\t\t\t<div class=\"idea-slide__inner\">\r\n\t\t\t\t\t\t\t<img decoding=\"async\" class=\"cover\" src=\"https:\/\/www.retreatlatvia.com\/wp-content\/uploads\/2023\/03\/lyubyashhij-scaled.jpg\" alt=\"\">\r\n\t\t\t\t\t\t<\/div>\r\n\t\t\t\t\t\t<div class=\"idea-slide__post\"><a href=\"https:\/\/www.retreatlatvia.com\/lv\/rooms-archetypes\/milosa-cilveka-istaba\/\">M\u012blo\u0161\u0101 cilv\u0113ka istaba<\/a><\/div>\r\n\t\t\t\t\t<\/div>\r\n\t\t\t\t\t\t\t\t\t\t<div class=\"idea-slide swiper-slide\">\r\n\t\t\t\t\t\t<div class=\"idea-slide__inner\">\r\n\t\t\t\t\t\t\t<img decoding=\"async\" class=\"cover\" src=\"https:\/\/www.retreatlatvia.com\/wp-content\/uploads\/2023\/03\/malchik-scaled.jpg\" alt=\"\">\r\n\t\t\t\t\t\t<\/div>\r\n\t\t\t\t\t\t<div class=\"idea-slide__post\"><a href=\"https:\/\/www.retreatlatvia.com\/lv\/rooms-archetypes\/puisisa-istaba\/\">Iek\u0161\u0113jais pusaudzis &#8211; istaba<\/a><\/div>\r\n\t\t\t\t\t<\/div>\r\n\t\t\t\t\t\t\t\t\t\t<div class=\"idea-slide swiper-slide\">\r\n\t\t\t\t\t\t<div class=\"idea-slide__inner\">\r\n\t\t\t\t\t\t\t<img decoding=\"async\" class=\"cover\" src=\"https:\/\/www.retreatlatvia.com\/wp-content\/uploads\/2023\/03\/devochka-scaled.jpg\" alt=\"\">\r\n\t\t\t\t\t\t<\/div>\r\n\t\t\t\t\t\t<div class=\"idea-slide__post\"><a href=\"https:\/\/www.retreatlatvia.com\/lv\/rooms-archetypes\/meitenites-istaba\/\">Iek\u0161\u0113j\u0101 b\u0113rna \u2013 istaba<\/a><\/div>\r\n\t\t\t\t\t<\/div>\r\n\t\t\t\t\t\t\t\t\t<\/div>\r\n\t\t\t\t<div class=\"idea-pagination slider-pagination\"><\/div>\r\n\t\t\t\t\t\t\t\t<div class=\"idea-slide__info\">\r\n\t\t\t\t\t<div class=\"idea-slide__column field-editor\">\r\n\t\t\t\t\t\t<p><span style=\"font-weight: 400;\">Katr\u0101 cilv\u0113k\u0101 k\u0101d\u0101 dz\u012bves posm\u0101 domin\u0113 viena arhetipa ener\u0123ija, bet, lai att\u012bst\u012btos un virz\u012btos uz priek\u0161u, var nepietikt cita arhetipa ener\u0123ijas. Uztur\u0113\u0161an\u0101s noteikt\u0101 istab\u0101, to apvienojot ar praks\u0113m, medit\u0101cij\u0101m un individu\u0101liem uzdevumiem, var cilv\u0113kam pal\u012bdz\u0113t atrast mekl\u0113to, sa\u0146emt svar\u012bgu gr\u016bdienu att\u012bst\u012bbai un non\u0101kt jaun\u0101 sevis izpratnes l\u012bmen\u012b, apzinoties savas v\u0113lmes, m\u0113r\u0137us un to sasnieg\u0161anas veidus.\u00a0<\/span><\/p>\n\t\t\t\t\t<\/div>\r\n\t\t\t\t\t\t\t\t\t\t<div class=\"idea-slide__column field-editor\">\r\n\t\t\t\t\t\t<p><span style=\"font-weight: 400;\">Jums piem\u0113rot\u0101ko istabu izraudz\u012bties pal\u012bdz\u0113s m\u0101jas izveidot\u0101ji, profesion\u0101li psihologi un personisk\u0101s izaugsmes treneri. Retr\u012btu m\u0101j\u0101 \u201cN\u0101rbu\u013ci\u201d ir devi\u0146as istabas, kas noform\u0113tas k\u0101da arhetipa stil\u0101. No visas pla\u0161\u0101s arhetipu daudzveid\u012bbas esam izv\u0113l\u0113ju\u0161ies galvenos un m\u016bsdienu cilv\u0113kam, kur\u0161 v\u0113las b\u016bt veiksm\u012bgs un harmonisks, visaktu\u0101l\u0101kos arhetipus. <\/span><\/p>\n\t\t\t\t\t<\/div>\r\n\t\t\t\t\t\t\t\t\t<\/div>\r\n\t\t\t\t\t\t\t<\/div>\r\n\t\t\t<div class=\"idea-navigation slider-navigation\">\r\n\t\t\t\t<div class=\"slider-navigation__item slider-prev\">\r\n\t\t\t\t\t<svg width=\"8\" height=\"16\"><use xlink:href=\"https:\/\/www.retreatlatvia.com\/wp-content\/themes\/narbuli-new\/assets\/dist\/images\/icons\/svg-sprite.svg#swiper-navigation\"><\/use><\/svg>\r\n\t\t\t\t<\/div>\r\n\t\t\t\t<div class=\"slider-navigation__item slider-next\">\r\n\t\t\t\t\t<svg width=\"8\" height=\"16\"><use xlink:href=\"https:\/\/www.retreatlatvia.com\/wp-content\/themes\/narbuli-new\/assets\/dist\/images\/icons\/svg-sprite.svg#swiper-navigation\"><\/use><\/svg>\r\n\t\t\t\t<\/div>\r\n\t\t\t<\/div>\r\n\t\t<\/div>\r\n\t<\/div>\r\n<\/section>\r\n\n\n<section class=\"services section--80 section--white \">\r\n\t<div class=\"container container--big\">\r\n\t\t<div class=\"section__header\">\r\n\t\t\t<h2 class=\"page-title text-center\">Ko m\u0113s pied\u0101v\u0101jam<\/h2>\r\n\t\t<\/div>\r\n\t\t<div class=\"services-wrapper\">\r\n\t\t\t<div class=\"services-wrapper__inner\">\r\n\t\t\t\t<div class=\"services-slider swiper\">\r\n\t\t\t\t\t<div class=\"swiper-wrapper\">\r\n\t\t\t\t\t\t\t\t\t\t\t\t<a href=\"https:\/\/www.retreatlatvia.com\/lv\/retreats\/patstavigais-retrits\/\" class=\"swiper-slide services-slider__item service\" data-color=\"#E4F0E7;\">\r\n\t\t\t\t\t\t\t\t\t\t\t\t\t\t<span class=\"service__tag tag\">Patst\u0101v\u012bgie retr\u012bti<\/span>\r\n\t\t\t\t\t\t\t\t\t\t\t\t\t\t\t\t\t\t\t\t\t<span class=\"service__text text-secondary\">M\u0113s piemekl\u0113sim istabu, kas jums dos tr\u016bksto\u0161o ener\u0123iju, un sniegsim jums vingrin\u0101jumu un ieteicamo prak\u0161u ce\u013cvedi, kas jums pal\u012bdz\u0113s izveidot produkt\u012bvu dialogu ar sevi.<\/span>\r\n\t\t\t\t\t\t<\/a>\r\n\t\t\t\t\t\t\t\t\t\t\t\t<a href=\"https:\/\/www.retreatlatvia.com\/lv\/group-rent\/\" class=\"swiper-slide services-slider__item service\" data-color=\"#dfedf5;\">\r\n\t\t\t\t\t\t\t\t\t\t\t\t\t\t<span class=\"service__tag tag\">\u012are j\u016bsu grupai<\/span>\r\n\t\t\t\t\t\t\t\t\t\t\t\t\t\t\t\t\t\t\t\t\t<span class=\"service__text text-secondary\">M\u0101ju var iz\u012br\u0113t savam retr\u012btam vai korporat\u012bvajam izbraucienam. Rezerv\u0101cija atp\u016btas un izklaides pas\u0101kumiem netiek pie\u013cauta.<\/span>\r\n\t\t\t\t\t\t<\/a>\r\n\t\t\t\t\t\t\t\t\t\t\r\n\t\t\t\t\t<\/div>\r\n\t\t\t\t<\/div>\r\n\t\t\t\t<div class=\"services-images-slider swiper \">\r\n\t\t\t\t\t<div class=\"swiper-wrapper\">\r\n\t\t\t\t\t\t\t\t\t\t\t\t<div class=\"swiper-slide services-images-slider__item\">\r\n\t\t\t\t\t\t\t<img decoding=\"async\" src=\"https:\/\/www.retreatlatvia.com\/wp-content\/uploads\/2023\/03\/samostoyatelnyj-retrit2.jpg\" alt=\"\">\r\n\t\t\t\t\t\t<\/div>\r\n\t\t\t\t\t\t\t\t\t\t\t\t<div class=\"swiper-slide services-images-slider__item\">\r\n\t\t\t\t\t\t\t<img decoding=\"async\" src=\"https:\/\/www.retreatlatvia.com\/wp-content\/uploads\/2023\/04\/dji_0670-edit-1-scaled.jpg\" alt=\"\">\r\n\t\t\t\t\t\t<\/div>\r\n\t\t\t\t\t\t\t\t\t\t\t<\/div>\r\n\t\t\t\t<\/div>\r\n\t\t\t<\/div>\r\n\t\t<\/div>\r\n\t<\/div>\r\n<\/section>\r\n\n\n<section class=\"request section section--80 section--white\">\n\t<div class=\"container\">\n\t\t<div class=\"request__inner\">\n\t\t\t<div class=\"request__form request-form form\">\n\t\t\t\t<h2 class=\"request-form__title\">M\u0113s pal\u012bdz\u0113sim atrast to, kas vislab\u0101k der tie\u0161i jums!<\/h2>\n\t\t\t\t\n<div class=\"wpcf7 no-js\" id=\"wpcf7-f3671-o1\" lang=\"ru-RU\" dir=\"ltr\">\n<div class=\"screen-reader-response\"><p role=\"status\" aria-live=\"polite\" aria-atomic=\"true\"><\/p> <ul><\/ul><\/div>\n<form action=\"\/lv\/wp-json\/wp\/v2\/pages\/3492#wpcf7-f3671-o1\" method=\"post\" class=\"wpcf7-form init\" aria-label=\"Contact form\" novalidate=\"novalidate\" data-status=\"init\">\n<div style=\"display: none;\">\n<input type=\"hidden\" name=\"_wpcf7\" value=\"3671\" \/>\n<input type=\"hidden\" name=\"_wpcf7_version\" value=\"5.8.1\" \/>\n<input type=\"hidden\" name=\"_wpcf7_locale\" value=\"ru_RU\" \/>\n<input type=\"hidden\" name=\"_wpcf7_unit_tag\" value=\"wpcf7-f3671-o1\" \/>\n<input type=\"hidden\" name=\"_wpcf7_container_post\" value=\"0\" \/>\n<input type=\"hidden\" name=\"_wpcf7_posted_data_hash\" value=\"\" \/>\n<\/div>\n<div class=\"request-form__grid request-grid\">\n    <div class=\"request-grid__item js-input\">\n        <span class=\"wpcf7-form-control-wrap\" data-name=\"request-name\"><input size=\"40\" minlength=\"5\" class=\"wpcf7-form-control wpcf7-text wpcf7-validates-as-required form__input\" aria-required=\"true\" aria-invalid=\"false\" placeholder=\"V\u0101rds un uzv\u0101rds\" value=\"\" type=\"text\" name=\"request-name\" \/><\/span>\n        <label class=\"form__label\">V\u0101rds un uzv\u0101rds<\/label>\n    <\/div>\n\n    <div class=\"request-grid__item js-input\">\n        <span class=\"wpcf7-form-control-wrap\" data-name=\"request-phone\"><input size=\"40\" minlength=\"8\" class=\"wpcf7-form-control wpcf7-tel wpcf7-validates-as-required wpcf7-text wpcf7-validates-as-tel form__input\" aria-required=\"true\" aria-invalid=\"false\" placeholder=\"T\u0101lru\u0146a numurs\" value=\"\" type=\"tel\" name=\"request-phone\" \/><\/span>\n        <label class=\"form__label\">T\u0101lrunis<\/label>\n    <\/div>\n\n    <div class=\"request-grid__item js-input\">\n        <span class=\"wpcf7-form-control-wrap\" data-name=\"request-email\"><input size=\"40\" minlength=\"4\" class=\"wpcf7-form-control wpcf7-email wpcf7-validates-as-required wpcf7-text wpcf7-validates-as-email form__input\" aria-required=\"true\" aria-invalid=\"false\" placeholder=\"J\u016bsu e-pasta adrese\" value=\"\" type=\"email\" name=\"request-email\" \/><\/span>\n        <label class=\"form__label\">E-pasts<\/label>\n    <\/div>\n\n    <div class=\"request-grid__item js-select\">\n        <span class=\"wpcf7-form-control-wrap\" data-name=\"request-lang\"><select class=\"wpcf7-form-control wpcf7-select wpcf7-validates-as-required form__input form__select\" aria-required=\"true\" aria-invalid=\"false\" name=\"request-lang\"><option value=\"Ang\u013cu\">Ang\u013cu<\/option><option value=\"Krievu\">Krievu<\/option><\/select><\/span>\n        <label class=\"form__label\">V\u0113lam\u0101 valoda<\/label>\n    <\/div>\n<\/div>\n\n<div class=\"request-form__accept form__checkbox\">\n    <label class=\"text-secondary js-cf7-checkbox\">\n        <span class=\"wpcf7-form-control-wrap\" data-name=\"request-newsletter\"><span class=\"wpcf7-form-control wpcf7-checkbox wpcf7-exclusive-checkbox visually-hidden\"><span class=\"wpcf7-list-item first last\"><input type=\"checkbox\" name=\"request-newsletter\" value=\"Abon\u0113t jaunumu v\u0113stules\" \/><span class=\"wpcf7-list-item-label\">Abon\u0113t jaunumu v\u0113stules<\/span><\/span><\/span><\/span>\n        <span>Abon\u0113t jaunumu v\u0113stules<\/span>\n    <\/label>\n<\/div>\n\n<!-- \u0411\u041b\u041e\u041a \u041f\u041e\u041b\u0418\u0422\u0418\u041a\u0418 (LV) -->\n<div class=\"request-form__accept\">\n    <label class=\"text-secondary custom-policy-label\">\n        <span class=\"wpcf7-form-control-wrap\" data-name=\"privacy-policy\"><span class=\"wpcf7-form-control wpcf7-acceptance\"><span class=\"wpcf7-list-item\"><label><input type=\"checkbox\" name=\"privacy-policy\" value=\"1\" aria-invalid=\"false\" \/><span class=\"wpcf7-list-item-label\"><span class=\"policy-text-wrapper\">\n            Nospie\u017eot pogu, j\u016bs piekr\u012btat <a href=\"\/lv\/privatuma-politika\/\" target=\"_blank\">Priv\u0101tuma politikas<\/a> un personas datu apstr\u0101des noteikumiem.\n        <\/span><\/span><\/label><\/span><\/span><\/span>\n    <\/label>\n<\/div>\n\n<div class=\"submit-container\">\n    <input class=\"wpcf7-form-control wpcf7-submit has-spinner request-form__submit btn btn-black\" type=\"submit\" value=\"SAZINIETIES AR MUMS\" \/>\n<\/div>\n\n<div class=\"form-response-output\">\n    <div class=\"wpcf7-response-output\" aria-hidden=\"true\"><\/div>\n<\/div><input type=\"hidden\" name=\"product_name\" value= \"Par retr\u012btu m\u0101ju \u00abN\u0101rbu\u013ci\u00bb\"\/>\n<\/form>\n<\/div>\n\t\t\t<\/div>\n\t\t\t<div class=\"request__info request-info\">\n\t\t\t\t<div class=\"request-info__image\">\n\t\t\t\t\t<img decoding=\"async\" src=\"https:\/\/www.retreatlatvia.com\/wp-content\/uploads\/2025\/11\/photo_2025-11-28_18-33-22.jpg\" srcset=\"https:\/\/www.retreatlatvia.com\/wp-content\/uploads\/2025\/11\/photo_2025-11-28_18-33-22.jpg 1x, https:\/\/www.retreatlatvia.com\/wp-content\/uploads\/2025\/11\/photo_2025-11-28_18-33-22.jpg 2x\" alt=\"Alina Danilova\">\n\t\t\t\t<\/div>\n\t\t\t\t<h2 class=\"request-info__title\">Alina Danilova<\/h2>\n\t\t\t\t<p class=\"request-info__text text-secondary\">V\u0113laties uzzin\u0101t vair\u0101k? Sazinieties ar mums, un m\u0113s atbild\u0113sim uz visiem j\u016bsu jaut\u0101jumiem!<\/p>\n\t\t\t\t\t\t\t\t\t\t\t<div class=\"whatsapp_icon\">\n\t\t\t\t\t\t    <a href=\"https:\/\/wa.me\/+37122470084\" class=\"socials__item-link\" title=\"WhatsApp\" rel=\"nofollow noopener\" target=\"_blank\">\n\t\t\t\t\t\t\t    <svg width=\"24\" height=\"24\">\n\t\t\t\t\t\t\t\t    <use xlink:href=\"https:\/\/www.retreatlatvia.com\/wp-content\/themes\/narbuli-new\/assets\/dist\/images\/icons\/svg-sprite.svg#whatsapp\"><\/use>\n\t\t\t\t\t\t\t    <\/svg>\n\t\t\t\t\t\t    <\/a>\n\t\t\t          \t<\/div>\n\t\t\t\t\t    \t\t\t\t<a href=\"tel:+37122470084\" class=\"request-info__phone\">+371 22 470 084<br>danilova.a@integralway.eu<\/a>\n\t\t\t<\/div>\n\t\t<\/div>\n\t<\/div>\n<\/section>","protected":false},"excerpt":{"rendered":"","protected":false},"author":1,"featured_media":0,"parent":0,"menu_order":0,"comment_status":"closed","ping_status":"closed","template":"template-blocks.php","meta":{"inline_featured_image":false,"footnotes":""},"acf":[],"_links":{"self":[{"href":"https:\/\/www.retreatlatvia.com\/lv\/wp-json\/wp\/v2\/pages\/3492"}],"collection":[{"href":"https:\/\/www.retreatlatvia.com\/lv\/wp-json\/wp\/v2\/pages"}],"about":[{"href":"https:\/\/www.retreatlatvia.com\/lv\/wp-json\/wp\/v2\/types\/page"}],"author":[{"embeddable":true,"href":"https:\/\/www.retreatlatvia.com\/lv\/wp-json\/wp\/v2\/users\/1"}],"replies":[{"embeddable":true,"href":"https:\/\/www.retreatlatvia.com\/lv\/wp-json\/wp\/v2\/comments?post=3492"}],"version-history":[{"count":17,"href":"https:\/\/www.retreatlatvia.com\/lv\/wp-json\/wp\/v2\/pages\/3492\/revisions"}],"predecessor-version":[{"id":4634,"href":"https:\/\/www.retreatlatvia.com\/lv\/wp-json\/wp\/v2\/pages\/3492\/revisions\/4634"}],"wp:attachment":[{"href":"https:\/\/www.retreatlatvia.com\/lv\/wp-json\/wp\/v2\/media?parent=3492"}],"curies":[{"name":"wp","href":"https:\/\/api.w.org\/{rel}","templated":true}]}}