{"id":3489,"date":"2022-11-23T09:58:00","date_gmt":"2022-11-23T06:58:00","guid":{"rendered":"https:\/\/www.retreatlatvia.com\/rooms-archetypes\/"},"modified":"2024-10-23T13:35:58","modified_gmt":"2024-10-23T10:35:58","slug":"istabu-katalogs","status":"publish","type":"page","link":"https:\/\/www.retreatlatvia.com\/lv\/istabu-katalogs\/","title":{"rendered":"Istabu katalogs"},"content":{"rendered":"<section class=\"room-intro section--white\">\n\t<div class=\"container room-intro__inner\">\n\t\t<div class=\"room-head\">\n\t\t\t<div class=\"room-head__column\">\n\t\t\t\t<h1 class=\"room-head__title\">Istabu katalogs<\/h1>\n\t\t\t\t\t\t\t<\/div>\n\t\t\t<div class=\"room-head__info room-head__column\">\n\t\t\t\t\t\t\t\t<div class=\"room-head__desc field-editor\">\n\t\t\t\t\t<p>Retr\u012btu m\u0101j\u0101 \u201cN\u0101rbu\u013ci\u201d ir devi\u0146as istabas, kas noform\u0113tas k\u0101da arhetipa stil\u0101. No visas pla\u0161\u0101s arhetipu daudzveid\u012bbas esam izv\u0113l\u0113ju\u0161ies galvenos un m\u016bsdienu cilv\u0113kam, kur\u0161 v\u0113las b\u016bt veiksm\u012bgs un harmonisks, visaktu\u0101l\u0101kos arhetipus. <\/p>\n\t\t\t\t<\/div>\n\t\t\t\t\t\t\t\t\t\t\t\t<a class=\"btn btn-black\" href=\"#js-modal-book-2\">Izv\u0113l\u0113ties istabu<\/a>\n\t\t\t\t\t\t\t<\/div>\n\t\t<\/div>\n\t\t\t\t<div class=\"room-slider swiper\">\n\t\t\t<div class=\"swiper-wrapper\">\n\t\t\t\t\t\t\t\t<div class=\"room-slide swiper-slide\">\n\t\t\t\t\t<img decoding=\"async\" class=\"cover\" src=\"https:\/\/www.retreatlatvia.com\/wp-content\/uploads\/2023\/03\/korol-scaled.jpg\" alt=\"\">\n\t\t\t\t<\/div>\n\t\t\t\t\t\t\t\t<div class=\"room-slide swiper-slide\">\n\t\t\t\t\t<img decoding=\"async\" class=\"cover\" src=\"https:\/\/www.retreatlatvia.com\/wp-content\/uploads\/2023\/03\/shut-scaled.jpg\" alt=\"\">\n\t\t\t\t<\/div>\n\t\t\t\t\t\t\t\t<div class=\"room-slide swiper-slide\">\n\t\t\t\t\t<img decoding=\"async\" class=\"cover\" src=\"https:\/\/www.retreatlatvia.com\/wp-content\/uploads\/2023\/03\/mag-scaled.jpg\" alt=\"\">\n\t\t\t\t<\/div>\n\t\t\t\t\t\t\t\t<div class=\"room-slide swiper-slide\">\n\t\t\t\t\t<img decoding=\"async\" class=\"cover\" src=\"https:\/\/www.retreatlatvia.com\/wp-content\/uploads\/2023\/03\/voin-scaled.jpg\" alt=\"\">\n\t\t\t\t<\/div>\n\t\t\t\t\t\t\t\t<div class=\"room-slide swiper-slide\">\n\t\t\t\t\t<img decoding=\"async\" class=\"cover\" src=\"https:\/\/www.retreatlatvia.com\/wp-content\/uploads\/2023\/03\/588a0036-hdr-edit-1-scaled.jpg\" alt=\"\">\n\t\t\t\t<\/div>\n\t\t\t\t\t\t\t\t<div class=\"room-slide swiper-slide\">\n\t\t\t\t\t<img decoding=\"async\" class=\"cover\" src=\"https:\/\/www.retreatlatvia.com\/wp-content\/uploads\/2023\/03\/samost2-scaled.jpg\" alt=\"\">\n\t\t\t\t<\/div>\n\t\t\t\t\t\t\t\t<div class=\"room-slide swiper-slide\">\n\t\t\t\t\t<img decoding=\"async\" class=\"cover\" src=\"https:\/\/www.retreatlatvia.com\/wp-content\/uploads\/2023\/03\/lyubyashhij-scaled.jpg\" alt=\"\">\n\t\t\t\t<\/div>\n\t\t\t\t\t\t\t\t<div class=\"room-slide swiper-slide\">\n\t\t\t\t\t<img decoding=\"async\" class=\"cover\" src=\"https:\/\/www.retreatlatvia.com\/wp-content\/uploads\/2023\/03\/malchik-scaled.jpg\" alt=\"\">\n\t\t\t\t<\/div>\n\t\t\t\t\t\t\t\t<div class=\"room-slide swiper-slide\">\n\t\t\t\t\t<img decoding=\"async\" class=\"cover\" src=\"https:\/\/www.retreatlatvia.com\/wp-content\/uploads\/2023\/03\/devochka-scaled.jpg\" alt=\"\">\n\t\t\t\t<\/div>\n\t\t\t\t\t\t\t<\/div>\n\t\t<\/div>\n\t\t\t<\/div>\n<\/section>\n\n<section class=\"section grid section--80\">\n\t<div class=\"container\">\n\t\t<div class=\"grid__header\">\n\t\t\t<h2 class=\"grid__title page-title text-center\">Arhetipu istabas<\/h2>\n\t\t\t\t\t\t<p class=\"grid__subtitle page-subtitle text-center\">Izj\u016btiet sev\u012b arhetipu ener\u0123iju<\/p>\n\t\t\t\t\t<\/div>\n\t\t<ul class=\"grid__list grid-list relevanssi_noindex\">\n\t\t\t\t\t\t<li class=\"grid-list__item grid-card\">\n\t\t\t\t<a href=\"https:\/\/www.retreatlatvia.com\/lv\/rooms-archetypes\/karala-istaba\/\" class=\"grid-card__link grid-link\" title=\"Kara\u013ca istaba\">\n\t\t\t\t\t<div class=\"grid-link__image\">\n\t\t\t\t\t\t<img decoding=\"async\" src=\"https:\/\/www.retreatlatvia.com\/wp-content\/uploads\/2023\/03\/korol-scaled.jpg\" alt=\"Kara\u013ca istaba\">\n\t\t\t\t\t<\/div>\n\t\t\t\t\t<h3 class=\"grid-link__title h2\">Kara\u013ca istaba<\/h3>\n\t\t\t\t\t\t\t\t\t\t<span class=\"grid-link__description text text-black-60\">Valda p\u0101r dz\u012bvi<\/span>\n\t\t\t\t\t\t\t\t\t<\/a>\n\t\t\t\t<a href=\"https:\/\/www.retreatlatvia.com\/lv\/rooms-archetypes\/karala-istaba\/\" class=\"grid-card__order btn btn-default\">More<\/a>\n\t\t\t<\/li>\n\t\t\t\t\t\t<li class=\"grid-list__item grid-card\">\n\t\t\t\t<a href=\"https:\/\/www.retreatlatvia.com\/lv\/rooms-archetypes\/jokdara-istaba\/\" class=\"grid-card__link grid-link\" title=\"Jokdara istaba\">\n\t\t\t\t\t<div class=\"grid-link__image\">\n\t\t\t\t\t\t<img decoding=\"async\" src=\"https:\/\/www.retreatlatvia.com\/wp-content\/uploads\/2023\/03\/shut-scaled.jpg\" alt=\"Jokdara istaba\">\n\t\t\t\t\t<\/div>\n\t\t\t\t\t<h3 class=\"grid-link__title h2\">Jokdara istaba<\/h3>\n\t\t\t\t\t\t\t\t\t\t<span class=\"grid-link__description text text-black-60\">Atkl\u0101j \u012bsten\u012bbu<\/span>\n\t\t\t\t\t\t\t\t\t<\/a>\n\t\t\t\t<a href=\"https:\/\/www.retreatlatvia.com\/lv\/rooms-archetypes\/jokdara-istaba\/\" class=\"grid-card__order btn btn-default\">More<\/a>\n\t\t\t<\/li>\n\t\t\t\t\t\t<li class=\"grid-list__item grid-card\">\n\t\t\t\t<a href=\"https:\/\/www.retreatlatvia.com\/lv\/rooms-archetypes\/burvja-istaba\/\" class=\"grid-card__link grid-link\" title=\"Burvja istaba\">\n\t\t\t\t\t<div class=\"grid-link__image\">\n\t\t\t\t\t\t<img decoding=\"async\" src=\"https:\/\/www.retreatlatvia.com\/wp-content\/uploads\/2023\/03\/mag-scaled.jpg\" alt=\"Burvja istaba\">\n\t\t\t\t\t<\/div>\n\t\t\t\t\t<h3 class=\"grid-link__title h2\">Burvja istaba<\/h3>\n\t\t\t\t\t\t\t\t\t\t<span class=\"grid-link__description text text-black-60\">Redz saist\u012bbas un perspekt\u012bvu<\/span>\n\t\t\t\t\t\t\t\t\t<\/a>\n\t\t\t\t<a href=\"https:\/\/www.retreatlatvia.com\/lv\/rooms-archetypes\/burvja-istaba\/\" class=\"grid-card__order btn btn-default\">More<\/a>\n\t\t\t<\/li>\n\t\t\t\t\t\t<li class=\"grid-list__item grid-card\">\n\t\t\t\t<a href=\"https:\/\/www.retreatlatvia.com\/lv\/rooms-archetypes\/karotaja-istaba\/\" class=\"grid-card__link grid-link\" title=\"Karot\u0101ja istaba\">\n\t\t\t\t\t<div class=\"grid-link__image\">\n\t\t\t\t\t\t<img decoding=\"async\" src=\"https:\/\/www.retreatlatvia.com\/wp-content\/uploads\/2023\/03\/voin-scaled.jpg\" alt=\"Karot\u0101ja istaba\">\n\t\t\t\t\t<\/div>\n\t\t\t\t\t<h3 class=\"grid-link__title h2\">Karot\u0101ja istaba<\/h3>\n\t\t\t\t\t\t\t\t\t\t<span class=\"grid-link__description text text-black-60\">Sasniegt un nosarg\u0101t<\/span>\n\t\t\t\t\t\t\t\t\t<\/a>\n\t\t\t\t<a href=\"https:\/\/www.retreatlatvia.com\/lv\/rooms-archetypes\/karotaja-istaba\/\" class=\"grid-card__order btn btn-default\">More<\/a>\n\t\t\t<\/li>\n\t\t\t\t\t\t<li class=\"grid-list__item grid-card\">\n\t\t\t\t<a href=\"https:\/\/www.retreatlatvia.com\/lv\/rooms-archetypes\/enas-istaba\/\" class=\"grid-card__link grid-link\" title=\"\u0112nas istaba\">\n\t\t\t\t\t<div class=\"grid-link__image\">\n\t\t\t\t\t\t<img decoding=\"async\" src=\"https:\/\/www.retreatlatvia.com\/wp-content\/uploads\/2023\/03\/588a0036-hdr-edit-1-scaled.jpg\" alt=\"\u0112nas istaba\">\n\t\t\t\t\t<\/div>\n\t\t\t\t\t<h3 class=\"grid-link__title h2\">\u0112nas istaba<\/h3>\n\t\t\t\t\t\t\t\t\t\t<span class=\"grid-link__description text text-black-60\">Ieraudz\u012bt un ielaist sev\u012b cit\u0101do<\/span>\n\t\t\t\t\t\t\t\t\t<\/a>\n\t\t\t\t<a href=\"https:\/\/www.retreatlatvia.com\/lv\/rooms-archetypes\/enas-istaba\/\" class=\"grid-card__order btn btn-default\">More<\/a>\n\t\t\t<\/li>\n\t\t\t\t\t\t<li class=\"grid-list__item grid-card\">\n\t\t\t\t<a href=\"https:\/\/www.retreatlatvia.com\/lv\/rooms-archetypes\/patibas\/\" class=\"grid-card__link grid-link\" title=\"Pat\u012bbas istaba\">\n\t\t\t\t\t<div class=\"grid-link__image\">\n\t\t\t\t\t\t<img decoding=\"async\" src=\"https:\/\/www.retreatlatvia.com\/wp-content\/uploads\/2023\/03\/samost2-scaled.jpg\" alt=\"Pat\u012bbas istaba\">\n\t\t\t\t\t<\/div>\n\t\t\t\t\t<h3 class=\"grid-link__title h2\">Pat\u012bbas istaba<\/h3>\n\t\t\t\t\t\t\t\t\t\t<span class=\"grid-link__description text text-black-60\">Atrast savu b\u016bt\u012bbu<\/span>\n\t\t\t\t\t\t\t\t\t<\/a>\n\t\t\t\t<a href=\"https:\/\/www.retreatlatvia.com\/lv\/rooms-archetypes\/patibas\/\" class=\"grid-card__order btn btn-default\">More<\/a>\n\t\t\t<\/li>\n\t\t\t\t\t\t<li class=\"grid-list__item grid-card\">\n\t\t\t\t<a href=\"https:\/\/www.retreatlatvia.com\/lv\/rooms-archetypes\/milosa-cilveka-istaba\/\" class=\"grid-card__link grid-link\" title=\"M\u012blo\u0161\u0101 cilv\u0113ka istaba\">\n\t\t\t\t\t<div class=\"grid-link__image\">\n\t\t\t\t\t\t<img decoding=\"async\" src=\"https:\/\/www.retreatlatvia.com\/wp-content\/uploads\/2023\/03\/lyubyashhij-scaled.jpg\" alt=\"M\u012blo\u0161\u0101 cilv\u0113ka istaba\">\n\t\t\t\t\t<\/div>\n\t\t\t\t\t<h3 class=\"grid-link__title h2\">M\u012blo\u0161\u0101 cilv\u0113ka istaba<\/h3>\n\t\t\t\t\t\t\t\t\t\t<span class=\"grid-link__description text text-black-60\">Atv\u0113rts un neaizsarg\u0101ts<\/span>\n\t\t\t\t\t\t\t\t\t<\/a>\n\t\t\t\t<a href=\"https:\/\/www.retreatlatvia.com\/lv\/rooms-archetypes\/milosa-cilveka-istaba\/\" class=\"grid-card__order btn btn-default\">More<\/a>\n\t\t\t<\/li>\n\t\t\t\t\t\t<li class=\"grid-list__item grid-card\">\n\t\t\t\t<a href=\"https:\/\/www.retreatlatvia.com\/lv\/rooms-archetypes\/puisisa-istaba\/\" class=\"grid-card__link grid-link\" title=\"Iek\u0161\u0113jais pusaudzis &#8211; istaba\">\n\t\t\t\t\t<div class=\"grid-link__image\">\n\t\t\t\t\t\t<img decoding=\"async\" src=\"https:\/\/www.retreatlatvia.com\/wp-content\/uploads\/2023\/03\/malchik-scaled.jpg\" alt=\"Iek\u0161\u0113jais pusaudzis &#8211; istaba\">\n\t\t\t\t\t<\/div>\n\t\t\t\t\t<h3 class=\"grid-link__title h2\">Iek\u0161\u0113jais pusaudzis &#8211; istaba<\/h3>\n\t\t\t\t\t\t\t\t\t\t<span class=\"grid-link__description text text-black-60\">Drosme sap\u0146ot<\/span>\n\t\t\t\t\t\t\t\t\t<\/a>\n\t\t\t\t<a href=\"https:\/\/www.retreatlatvia.com\/lv\/rooms-archetypes\/puisisa-istaba\/\" class=\"grid-card__order btn btn-default\">More<\/a>\n\t\t\t<\/li>\n\t\t\t\t\t\t<li class=\"grid-list__item grid-card\">\n\t\t\t\t<a href=\"https:\/\/www.retreatlatvia.com\/lv\/rooms-archetypes\/meitenites-istaba\/\" class=\"grid-card__link grid-link\" title=\"Iek\u0161\u0113j\u0101 b\u0113rna \u2013 istaba\">\n\t\t\t\t\t<div class=\"grid-link__image\">\n\t\t\t\t\t\t<img decoding=\"async\" src=\"https:\/\/www.retreatlatvia.com\/wp-content\/uploads\/2023\/03\/devochka-scaled.jpg\" alt=\"Iek\u0161\u0113j\u0101 b\u0113rna \u2013 istaba\">\n\t\t\t\t\t<\/div>\n\t\t\t\t\t<h3 class=\"grid-link__title h2\">Iek\u0161\u0113j\u0101 b\u0113rna \u2013 istaba<\/h3>\n\t\t\t\t\t\t\t\t\t\t<span class=\"grid-link__description text text-black-60\">B\u016bt spont\u0101nai un rota\u013c\u012bgai<\/span>\n\t\t\t\t\t\t\t\t\t<\/a>\n\t\t\t\t<a href=\"https:\/\/www.retreatlatvia.com\/lv\/rooms-archetypes\/meitenites-istaba\/\" class=\"grid-card__order btn btn-default\">More<\/a>\n\t\t\t<\/li>\n\t\t\t\t\t<\/ul>\n\t<\/div>\n<\/section>\n\n\n<section class=\"room-cta section--grey\">\n\t<div class=\"room-cta__inner container\">\n\t\t<div class=\"room-cta__content\">\n\t\t\t<h3 class=\"room-cta__title\">SVAR\u012aGI!<\/h3>\n\t\t\t<div class=\"room-cta__desc\">Uztur\u0113ties istab\u0101 iesp\u0113jams, tikai piedaloties grupas, patst\u0101v\u012bgaj\u0101 vai individu\u0101laj\u0101 retr\u012bt\u0101. Rezerv\u0113\u0161ana atp\u016btas un izklaides nol\u016bkos netiek pie\u013cauta.<\/div>\n\t\t<\/div>\n\t\t<a class=\"room-cta__link btn btn--border\" href=\"#js-modal-book-2\">Izv\u0113l\u0113ties programmu<\/a>\n\t<\/div>\n<\/section>\n\n\n<section class=\"services section--80 section--white \">\r\n\t<div class=\"container container--big\">\r\n\t\t<div class=\"section__header\">\r\n\t\t\t<h2 class=\"page-title text-center\">Ko m\u0113s pied\u0101v\u0101jam<\/h2>\r\n\t\t<\/div>\r\n\t\t<div class=\"services-wrapper\">\r\n\t\t\t<div class=\"services-wrapper__inner\">\r\n\t\t\t\t<div class=\"services-slider swiper\">\r\n\t\t\t\t\t<div class=\"swiper-wrapper\">\r\n\t\t\t\t\t\t\t\t\t\t\t\t<a href=\"https:\/\/www.retreatlatvia.com\/lv\/retreats\/patstavigais-retrits\/\" class=\"swiper-slide services-slider__item service\" data-color=\"#E4F0E7;\">\r\n\t\t\t\t\t\t\t\t\t\t\t\t\t\t<span class=\"service__tag tag\">Patst\u0101v\u012bgie retr\u012bti<\/span>\r\n\t\t\t\t\t\t\t\t\t\t\t\t\t\t\t\t\t\t\t\t\t<span class=\"service__text text-secondary\">M\u0113s piemekl\u0113sim istabu, kas jums dos tr\u016bksto\u0161o ener\u0123iju, un sniegsim jums vingrin\u0101jumu un ieteicamo prak\u0161u ce\u013cvedi, kas jums pal\u012bdz\u0113s izveidot produkt\u012bvu dialogu ar sevi.<\/span>\r\n\t\t\t\t\t\t<\/a>\r\n\t\t\t\t\t\t\t\t\t\t\t\t<a href=\"https:\/\/www.retreatlatvia.com\/lv\/group-rent\/\" class=\"swiper-slide services-slider__item service\" data-color=\"#dfedf5;\">\r\n\t\t\t\t\t\t\t\t\t\t\t\t\t\t<span class=\"service__tag tag\">\u012are j\u016bsu grupai<\/span>\r\n\t\t\t\t\t\t\t\t\t\t\t\t\t\t\t\t\t\t\t\t\t<span class=\"service__text text-secondary\">M\u0101ju var iz\u012br\u0113t savam retr\u012btam vai korporat\u012bvajam izbraucienam. Rezerv\u0101cija atp\u016btas un izklaides pas\u0101kumiem netiek pie\u013cauta.<\/span>\r\n\t\t\t\t\t\t<\/a>\r\n\t\t\t\t\t\t\t\t\t\t\r\n\t\t\t\t\t<\/div>\r\n\t\t\t\t<\/div>\r\n\t\t\t\t<div class=\"services-images-slider swiper \">\r\n\t\t\t\t\t<div class=\"swiper-wrapper\">\r\n\t\t\t\t\t\t\t\t\t\t\t\t<div class=\"swiper-slide services-images-slider__item\">\r\n\t\t\t\t\t\t\t<img decoding=\"async\" src=\"https:\/\/www.retreatlatvia.com\/wp-content\/uploads\/2023\/03\/samostoyatelnyj-retrit2.jpg\" alt=\"\">\r\n\t\t\t\t\t\t<\/div>\r\n\t\t\t\t\t\t\t\t\t\t\t\t<div class=\"swiper-slide services-images-slider__item\">\r\n\t\t\t\t\t\t\t<img decoding=\"async\" src=\"https:\/\/www.retreatlatvia.com\/wp-content\/uploads\/2023\/04\/dji_0670-edit-1-scaled.jpg\" alt=\"\">\r\n\t\t\t\t\t\t<\/div>\r\n\t\t\t\t\t\t\t\t\t\t\t<\/div>\r\n\t\t\t\t<\/div>\r\n\t\t\t<\/div>\r\n\t\t<\/div>\r\n\t<\/div>\r\n<\/section>\r\n\n\n<section class=\"request section section--80 section--white\">\n\t<div class=\"container\">\n\t\t<div class=\"request__inner\">\n\t\t\t<div class=\"request__form request-form form\">\n\t\t\t\t<h2 class=\"request-form__title\">M\u0113s pal\u012bdz\u0113sim atrast to, kas vislab\u0101k der tie\u0161i jums!<\/h2>\n\t\t\t\t\n<div class=\"wpcf7 no-js\" id=\"wpcf7-f3671-o1\" lang=\"ru-RU\" dir=\"ltr\">\n<div class=\"screen-reader-response\"><p role=\"status\" aria-live=\"polite\" aria-atomic=\"true\"><\/p> <ul><\/ul><\/div>\n<form action=\"\/lv\/wp-json\/wp\/v2\/pages\/3489#wpcf7-f3671-o1\" method=\"post\" class=\"wpcf7-form init\" aria-label=\"Contact form\" novalidate=\"novalidate\" data-status=\"init\">\n<div style=\"display: none;\">\n<input type=\"hidden\" name=\"_wpcf7\" value=\"3671\" \/>\n<input type=\"hidden\" name=\"_wpcf7_version\" value=\"5.8.1\" \/>\n<input type=\"hidden\" name=\"_wpcf7_locale\" value=\"ru_RU\" \/>\n<input type=\"hidden\" name=\"_wpcf7_unit_tag\" value=\"wpcf7-f3671-o1\" \/>\n<input type=\"hidden\" name=\"_wpcf7_container_post\" value=\"0\" \/>\n<input type=\"hidden\" name=\"_wpcf7_posted_data_hash\" value=\"\" \/>\n<\/div>\n<div class=\"request-form__grid request-grid\">\n    <div class=\"request-grid__item js-input\">\n        <span class=\"wpcf7-form-control-wrap\" data-name=\"request-name\"><input size=\"40\" minlength=\"5\" class=\"wpcf7-form-control wpcf7-text wpcf7-validates-as-required form__input\" aria-required=\"true\" aria-invalid=\"false\" placeholder=\"V\u0101rds un uzv\u0101rds\" value=\"\" type=\"text\" name=\"request-name\" \/><\/span>\n        <label class=\"form__label\">V\u0101rds un uzv\u0101rds<\/label>\n    <\/div>\n\n    <div class=\"request-grid__item js-input\">\n        <span class=\"wpcf7-form-control-wrap\" data-name=\"request-phone\"><input size=\"40\" minlength=\"8\" class=\"wpcf7-form-control wpcf7-tel wpcf7-validates-as-required wpcf7-text wpcf7-validates-as-tel form__input\" aria-required=\"true\" aria-invalid=\"false\" placeholder=\"T\u0101lru\u0146a numurs\" value=\"\" type=\"tel\" name=\"request-phone\" \/><\/span>\n        <label class=\"form__label\">T\u0101lrunis<\/label>\n    <\/div>\n\n    <div class=\"request-grid__item js-input\">\n        <span class=\"wpcf7-form-control-wrap\" data-name=\"request-email\"><input size=\"40\" minlength=\"4\" class=\"wpcf7-form-control wpcf7-email wpcf7-validates-as-required wpcf7-text wpcf7-validates-as-email form__input\" aria-required=\"true\" aria-invalid=\"false\" placeholder=\"J\u016bsu e-pasta adrese\" value=\"\" type=\"email\" name=\"request-email\" \/><\/span>\n        <label class=\"form__label\">E-pasts<\/label>\n    <\/div>\n\n    <div class=\"request-grid__item js-select\">\n        <span class=\"wpcf7-form-control-wrap\" data-name=\"request-lang\"><select class=\"wpcf7-form-control wpcf7-select wpcf7-validates-as-required form__input form__select\" aria-required=\"true\" aria-invalid=\"false\" name=\"request-lang\"><option value=\"Ang\u013cu\">Ang\u013cu<\/option><option value=\"Krievu\">Krievu<\/option><\/select><\/span>\n        <label class=\"form__label\">V\u0113lam\u0101 valoda<\/label>\n    <\/div>\n<\/div>\n\n<div class=\"request-form__accept form__checkbox\">\n    <label class=\"text-secondary js-cf7-checkbox\">\n        <span class=\"wpcf7-form-control-wrap\" data-name=\"request-newsletter\"><span class=\"wpcf7-form-control wpcf7-checkbox wpcf7-exclusive-checkbox visually-hidden\"><span class=\"wpcf7-list-item first last\"><input type=\"checkbox\" name=\"request-newsletter\" value=\"Abon\u0113t jaunumu v\u0113stules\" \/><span class=\"wpcf7-list-item-label\">Abon\u0113t jaunumu v\u0113stules<\/span><\/span><\/span><\/span>\n        <span>Abon\u0113t jaunumu v\u0113stules<\/span>\n    <\/label>\n<\/div>\n\n<!-- \u0411\u041b\u041e\u041a \u041f\u041e\u041b\u0418\u0422\u0418\u041a\u0418 (LV) -->\n<div class=\"request-form__accept\">\n    <label class=\"text-secondary custom-policy-label\">\n        <span class=\"wpcf7-form-control-wrap\" data-name=\"privacy-policy\"><span class=\"wpcf7-form-control wpcf7-acceptance\"><span class=\"wpcf7-list-item\"><label><input type=\"checkbox\" name=\"privacy-policy\" value=\"1\" aria-invalid=\"false\" \/><span class=\"wpcf7-list-item-label\"><span class=\"policy-text-wrapper\">\n            Nospie\u017eot pogu, j\u016bs piekr\u012btat <a href=\"\/lv\/privatuma-politika\/\" target=\"_blank\">Priv\u0101tuma politikas<\/a> un personas datu apstr\u0101des noteikumiem.\n        <\/span><\/span><\/label><\/span><\/span><\/span>\n    <\/label>\n<\/div>\n\n<div class=\"submit-container\">\n    <input class=\"wpcf7-form-control wpcf7-submit has-spinner request-form__submit btn btn-black\" type=\"submit\" value=\"SAZINIETIES AR MUMS\" \/>\n<\/div>\n\n<div class=\"form-response-output\">\n    <div class=\"wpcf7-response-output\" aria-hidden=\"true\"><\/div>\n<\/div><input type=\"hidden\" name=\"product_name\" value= \"Istabu katalogs\"\/>\n<\/form>\n<\/div>\n\t\t\t<\/div>\n\t\t\t<div class=\"request__info request-info\">\n\t\t\t\t<div class=\"request-info__image\">\n\t\t\t\t\t<img decoding=\"async\" src=\"https:\/\/www.retreatlatvia.com\/wp-content\/uploads\/2025\/11\/photo_2025-11-28_18-33-22.jpg\" srcset=\"https:\/\/www.retreatlatvia.com\/wp-content\/uploads\/2025\/11\/photo_2025-11-28_18-33-22.jpg 1x, https:\/\/www.retreatlatvia.com\/wp-content\/uploads\/2025\/11\/photo_2025-11-28_18-33-22.jpg 2x\" alt=\"Alina Danilova\">\n\t\t\t\t<\/div>\n\t\t\t\t<h2 class=\"request-info__title\">Alina Danilova<\/h2>\n\t\t\t\t<p class=\"request-info__text text-secondary\">V\u0113laties uzzin\u0101t vair\u0101k? Sazinieties ar mums, un m\u0113s atbild\u0113sim uz visiem j\u016bsu jaut\u0101jumiem!<\/p>\n\t\t\t\t\t\t\t\t\t\t\t<div class=\"whatsapp_icon\">\n\t\t\t\t\t\t    <a href=\"https:\/\/wa.me\/+37122470084\" class=\"socials__item-link\" title=\"WhatsApp\" rel=\"nofollow noopener\" target=\"_blank\">\n\t\t\t\t\t\t\t    <svg width=\"24\" height=\"24\">\n\t\t\t\t\t\t\t\t    <use xlink:href=\"https:\/\/www.retreatlatvia.com\/wp-content\/themes\/narbuli-new\/assets\/dist\/images\/icons\/svg-sprite.svg#whatsapp\"><\/use>\n\t\t\t\t\t\t\t    <\/svg>\n\t\t\t\t\t\t    <\/a>\n\t\t\t          \t<\/div>\n\t\t\t\t\t    \t\t\t\t<a href=\"tel:+37122470084\" class=\"request-info__phone\">+371 22 470 084<br>danilova.a@integralway.eu<\/a>\n\t\t\t<\/div>\n\t\t<\/div>\n\t<\/div>\n<\/section>","protected":false},"excerpt":{"rendered":"","protected":false},"author":1,"featured_media":0,"parent":0,"menu_order":0,"comment_status":"closed","ping_status":"closed","template":"template-rooms.php","meta":{"inline_featured_image":false,"footnotes":""},"acf":[],"_links":{"self":[{"href":"https:\/\/www.retreatlatvia.com\/lv\/wp-json\/wp\/v2\/pages\/3489"}],"collection":[{"href":"https:\/\/www.retreatlatvia.com\/lv\/wp-json\/wp\/v2\/pages"}],"about":[{"href":"https:\/\/www.retreatlatvia.com\/lv\/wp-json\/wp\/v2\/types\/page"}],"author":[{"embeddable":true,"href":"https:\/\/www.retreatlatvia.com\/lv\/wp-json\/wp\/v2\/users\/1"}],"replies":[{"embeddable":true,"href":"https:\/\/www.retreatlatvia.com\/lv\/wp-json\/wp\/v2\/comments?post=3489"}],"version-history":[{"count":4,"href":"https:\/\/www.retreatlatvia.com\/lv\/wp-json\/wp\/v2\/pages\/3489\/revisions"}],"predecessor-version":[{"id":4952,"href":"https:\/\/www.retreatlatvia.com\/lv\/wp-json\/wp\/v2\/pages\/3489\/revisions\/4952"}],"wp:attachment":[{"href":"https:\/\/www.retreatlatvia.com\/lv\/wp-json\/wp\/v2\/media?parent=3489"}],"curies":[{"name":"wp","href":"https:\/\/api.w.org\/{rel}","templated":true}]}}