{"id":3266,"date":"2023-03-06T16:02:35","date_gmt":"2023-03-06T13:02:35","guid":{"rendered":"https:\/\/www.retreatlatvia.com\/pravila-prozhivaniya-v-retritnom-dome-narbuli\/"},"modified":"2023-10-24T13:18:33","modified_gmt":"2023-10-24T10:18:33","slug":"ieksejas-kartibas-noteikumi","status":"publish","type":"page","link":"https:\/\/www.retreatlatvia.com\/lv\/ieksejas-kartibas-noteikumi\/","title":{"rendered":"RETR\u012aTU M\u0100JAS \u201cN\u0100RBU\u013bI\u201d IEK\u0160\u0112J\u0100S K\u0100RT\u012aBAS NOTEIKUMI"},"content":{"rendered":"\n<p>M\u016bsu m\u0101ja ir rad\u012bta, lai sniegtu iesp\u0113ju no\u0161\u0137irties no pasaules, b\u016bt klusum\u0101 un gremd\u0113ties sev\u012b. Visi noteikumi ir m\u0113r\u0137\u0113ti uz to, lai nodro\u0161in\u0101tu atbilsto\u0161u atmosf\u0113ru. Turkl\u0101t ar\u012b ciemat\u0101 ir sp\u0113k\u0101 noteikumi, kuru m\u0113r\u0137is ir nodro\u0161in\u0101t komfortu un priv\u0101tumu visiem t\u0101 iedz\u012bvot\u0101jiem.<\/p>\n\n\n\n<p><strong>SVAR\u012aG\u0100KAIS<\/strong><\/p>\n\n\n\n<ol>\n<li>M\u0113s uz\u0146emam tikai pieaugu\u0161os bez b\u0113rniem un bez m\u0101jdz\u012bvniekiem.<\/li>\n\n\n\n<li>No 22:00 l\u012bdz 8:00 ciemata noteikumi prasa iev\u0113rot piln\u012bgu klusumu.<\/li>\n\n\n\n<li>Vis\u0101 p\u0101r\u0113j\u0101 laik\u0101 ska\u013ci sarun\u0101ties, dzied\u0101t, sp\u0113l\u0113t m\u016bzikas instrumentus un taml\u012bdz\u012bgas ska\u013cas nodarbes at\u013cautas tikai m\u0101j\u0101 ar aizv\u0113rt\u0101m durv\u012bm un logiem.<\/li>\n\n\n\n<li>M\u0101j\u0101 un uz teras\u0113m un balkoniem sm\u0113\u0137\u0113t kategoriski aizliegts, ar\u012b tad, ja sm\u0113\u0137\u0113jat Iqos vai elektronisk\u0101s cigaretes. Ja j\u016bs sm\u0113\u0137\u0113jat, j\u016bs to varat dar\u012bt m\u0101jas teritorij\u0101 speci\u0101li iek\u0101rtot\u0101 laukumi\u0146\u0101 \u201cPie loga\u201d.<\/li>\n\n\n\n<li>Dronus dr\u012bkst izmantot tikai ar iepriek\u0161\u0113ju m\u0101jas saimnieku at\u013cauju.<\/li>\n<\/ol>\n\n\n\n<p><strong>K\u0100RT\u012aBA M\u0100J\u0100<\/strong><\/p>\n\n\n\n<ol>\n<li>Jums pa\u0161iem b\u016bs j\u0101mazg\u0101 trauki, j\u0101kl\u0101j gulta un j\u0101maina dvie\u013ci, kurus m\u0113s jums nodro\u0161in\u0101sim pietieko\u0161\u0101 daudzum\u0101, k\u0101 ar\u012b j\u0101\u0161\u0137iro atkritumi un j\u0101uztur minim\u0101la k\u0101rt\u012bba taj\u0101 m\u0101jas da\u013c\u0101, kur\u0101 j\u016bs uztur\u0113sieties.<\/li>\n\n\n\n<li>Jums b\u016bs pieeja apr\u012bkotai virtuvei, kur\u0101 ir pl\u012bts, trauku mazg\u0101jam\u0101 ma\u0161\u012bna, kafijas autom\u0101ts, elektrisk\u0101 t\u0113jkanna, tosteris un neliels pamata p\u0101rtikas pre\u010du kr\u0101jums \u2013 s\u0101ls, cukurs, augu e\u013c\u013ca, kafija, t\u0113jas maisi\u0146i, k\u0101 ar\u012b visi nepiecie\u0161amie l\u012bdzek\u013ci k\u0101rt\u012bbas uztur\u0113\u0161anai.<\/li>\n\n\n\n<li>J\u016bs varat izmantot to virtuvi un dz\u012bvojamo istabu, kas atrodas blakus j\u016bsu istabai. P\u0101r\u0113j\u0101s telpas, ja taj\u0101s neuzturas citi viesi, tiek sl\u0113gtas un atrodas zem signaliz\u0101cijas.<\/li>\n\n\n\n<li>J\u016bs varat izmantot saunu un p\u0113c tam uzreiz ienirt ezer\u0101. Pirts telp\u0101s ir hal\u0101ti, palagi un pirts cepur\u012btes.<\/li>\n\n\n\n<li>Z\u0101l\u0113 var \u0146emt pakl\u0101ji\u0146us un spilvenus jogai un medit\u0101cij\u0101m, pie laipas \u2013 laivu, bet pagalm\u0101 \u2013 velosip\u0113du.<\/li>\n\n\n\n<li>M\u0101j\u0101 ir neierobe\u017eots bezmaksas Wi-Fi, gr\u0101matas, pap\u012brs, z\u012bmu\u013ci un citi rakst\u0101mpiederumi.<\/li>\n<\/ol>\n\n\n\n<p>&nbsp;<strong>PASTAIGAS UN AKTIVIT\u0100TES<\/strong><\/p>\n\n\n\n<ol>\n<li>Nedr\u012bkst iet iek\u0161\u0101 citu m\u0101ju teritorij\u0101s, iet t\u0101m tuvum\u0101, iet teritorij\u0101s, kur\u0101m ir nor\u0101de \u201cPrivate\u201d vai \u201cPriv\u0101t\u012bpa\u0161ums\u201d. Tom\u0113r ciemat\u0101 liel\u0101k\u0101 da\u013ca celi\u0146u, taci\u0146u un tilti\u0146u p\u0101r ezeriem ir atv\u0113rti ciemata iedz\u012bvot\u0101jiem un viesiem. Apk\u0101rtnes me\u017ei ir atv\u0113rti visiem, un tajos ir daudz ogu un s\u0113\u0146u.<\/li>\n\n\n\n<li>M\u0101jas teritorij\u0101 atrodas neliels m\u0101ksl\u012bgais d\u012b\u0137is. Taj\u0101 dz\u012bvo zivis. Zivis dr\u012bkst barot (v\u0113lams vakar\u0101, jo vi\u0146as t\u0101 ir pieradu\u0161as), bet nedr\u012bkst \u0137ert. \u0160aj\u0101 d\u012b\u0137\u012b nedr\u012bkst peld\u0113ties.&nbsp;&nbsp;<\/li>\n\n\n\n<li>Ziem\u0101, kad ir stingrs un biezs ledus, pa ezeru var staig\u0101t vai braukt ar distan\u010du sl\u0113p\u0113m, bet vasar\u0101 vizin\u0101ties ar laivu, kas ir piesieta net\u0101lu no m\u0101jas.<\/li>\n\n\n\n<li>Lielaj\u0101 ezer\u0101 var peld\u0113ties pat bez peldkost\u012bma \u2013 teritorija ir t\u0101 iek\u0101rtota, ka neviens j\u016bs vienk\u0101r\u0161i neredz\u0113s, un tas ar\u012b nav pretrun\u0101 ar ciemata noteikumiem. Ezers ir dzi\u013c\u0161, esam uzb\u016bv\u0113ju\u0161i laipu, ta\u010du, dodoties peld\u0113ties, ar skaidru pr\u0101tu un re\u0101li izv\u0113rt\u0113jiet savus sp\u0113kus.&nbsp;<\/li>\n\n\n\n<li>Lielaj\u0101 ezer\u0101 m\u0101jas priek\u0161\u0101 ar spiningu vai mak\u0161\u0137eri var \u0137ert zivis, vien\u012bgi mak\u0161\u0137eri vajadz\u0113s atvest jums pa\u0161iem.<\/li>\n<\/ol>\n","protected":false},"excerpt":{"rendered":"<p>M\u016bsu m\u0101ja ir rad\u012bta, lai sniegtu iesp\u0113ju no\u0161\u0137irties no pasaules, b\u016bt klusum\u0101 un gremd\u0113ties sev\u012b. Visi noteikumi ir m\u0113r\u0137\u0113ti uz to, lai nodro\u0161in\u0101tu atbilsto\u0161u atmosf\u0113ru. Turkl\u0101t ar\u012b ciemat\u0101 ir sp\u0113k\u0101 noteikumi, kuru m\u0113r\u0137is ir nodro\u0161in\u0101t komfortu un priv\u0101tumu visiem t\u0101 iedz\u012bvot\u0101jiem. SVAR\u012aG\u0100KAIS K\u0100RT\u012aBA M\u0100J\u0100 &nbsp;PASTAIGAS UN AKTIVIT\u0100TES<\/p>\n","protected":false},"author":1,"featured_media":0,"parent":0,"menu_order":0,"comment_status":"closed","ping_status":"closed","template":"","meta":{"inline_featured_image":false,"footnotes":""},"acf":[],"_links":{"self":[{"href":"https:\/\/www.retreatlatvia.com\/lv\/wp-json\/wp\/v2\/pages\/3266"}],"collection":[{"href":"https:\/\/www.retreatlatvia.com\/lv\/wp-json\/wp\/v2\/pages"}],"about":[{"href":"https:\/\/www.retreatlatvia.com\/lv\/wp-json\/wp\/v2\/types\/page"}],"author":[{"embeddable":true,"href":"https:\/\/www.retreatlatvia.com\/lv\/wp-json\/wp\/v2\/users\/1"}],"replies":[{"embeddable":true,"href":"https:\/\/www.retreatlatvia.com\/lv\/wp-json\/wp\/v2\/comments?post=3266"}],"version-history":[{"count":3,"href":"https:\/\/www.retreatlatvia.com\/lv\/wp-json\/wp\/v2\/pages\/3266\/revisions"}],"predecessor-version":[{"id":4197,"href":"https:\/\/www.retreatlatvia.com\/lv\/wp-json\/wp\/v2\/pages\/3266\/revisions\/4197"}],"wp:attachment":[{"href":"https:\/\/www.retreatlatvia.com\/lv\/wp-json\/wp\/v2\/media?parent=3266"}],"curies":[{"name":"wp","href":"https:\/\/api.w.org\/{rel}","templated":true}]}}