{"id":2484,"date":"2022-11-22T11:29:25","date_gmt":"2022-11-22T08:29:25","guid":{"rendered":"https:\/\/www.retreatlatvia.com\/sample-page\/"},"modified":"2023-04-25T16:55:09","modified_gmt":"2023-04-25T13:55:09","slug":"publiska-piedavajuma","status":"publish","type":"page","link":"https:\/\/www.retreatlatvia.com\/lv\/publiska-piedavajuma\/","title":{"rendered":"Publisk\u0101 pied\u0101v\u0101juma l\u012bgums par pakalpojumu snieg\u0161anu"},"content":{"rendered":"\n<p>\u201cNARBULI\u201d, AMATCIEMS, DRABESU PAG., CESU NOV. LV-4101<\/p>\n\n\n\n<p>2023. gada 18. apr\u012bl\u012b<\/p>\n\n\n\n<p><strong>1.<\/strong> <strong>Visp\u0101r\u012bgi noteikumi<\/strong><\/p>\n\n\n\n<p>1.1. \u0160is dokuments ir retr\u012btu m\u0101jas \u201cN\u0101rbu\u013ci\u201d (turpm\u0101k tekst\u0101 \u2013 Izpild\u012bt\u0101js) ofici\u0101lais pied\u0101v\u0101jums (turpm\u0101k tekst\u0101 \u2013 Pied\u0101v\u0101juma l\u012bgums) un tas satur visus b\u016btiskos Izpild\u012bt\u0101ja sniegto un Pas\u016bt\u012bt\u0101ja izv\u0113l\u0113to konsult\u0101ciju pakalpojumu un \u012bres pakalpojumu (turpm\u0101k tekst\u0101 \u2013 Pakalpojumi) snieg\u0161anas noteikumus.<\/p>\n\n\n\n<p>1.2. Saska\u0146\u0101 ar Latvijas Republikas likumdo\u0161anu, pie\u0146emot zem\u0101k uzskait\u012btos noteikumus un samaks\u0101jot par Pakalpojumiem, juridisk\u0101 vai fizisk\u0101 persona, kas akcept\u0113jusi Pied\u0101v\u0101juma l\u012bgumu, k\u013c\u016bst par Pas\u016bt\u012bt\u0101ju, un Pas\u016bt\u012bt\u0101js un Izpild\u012bt\u0101js kop\u0101 k\u013c\u016bst par Pied\u0101v\u0101juma l\u012bguma Pus\u0113m.<\/p>\n\n\n\n<p>1.3. Sakar\u0101 ar iepriek\u0161 min\u0113to uzman\u012bgi izlasiet \u0161\u012b Pied\u0101v\u0101juma l\u012bguma tekstu. Ja J\u016bs nepiekr\u012btat k\u0101dam no \u0161\u012b Pied\u0101v\u0101juma l\u012bguma punktiem, Izpild\u012bt\u0101js aicina J\u016bs atteikties no pakalpojumu izmanto\u0161anas.<\/p>\n\n\n\n<p><strong>2.<\/strong> <strong>Pied\u0101v\u0101juma l\u012bguma priek\u0161mets<\/strong><\/p>\n\n\n\n<p>2.1. \u0160\u012b Pied\u0101v\u0101juma l\u012bguma priek\u0161mets ir Pakalpojumu snieg\u0161ana Pas\u016bt\u012bt\u0101jam saska\u0146\u0101 ar \u0161\u012b Pied\u0101v\u0101juma l\u012bguma noteikumiem un sp\u0113k\u0101 eso\u0161o Izpild\u012bt\u0101ja noteikto Pakalpojumu Cenr\u0101di.<\/p>\n\n\n\n<p>2.2. Sniegto Pakalpojumu saraksts, apjoms, programma, termi\u0146i ir public\u0113ti interneta resurs\u0101:<a href=\"http:\/\/retreatlatvia.com\/\"> http:\/\/retreatlatvia.com<\/a>. Pakalpojumu izv\u0113le tiek veikta no \u0161aj\u0101 Interneta vietn\u0113 public\u0113to Pakalpojumu saraksta. Pied\u0101v\u0101juma l\u012bgums ir ofici\u0101ls dokuments, un tas ir public\u0113ts interneta resurs\u0101:<a href=\"http:\/\/retreatlatvia.com\/\"> http:\/\/retreatlatvia.com<\/a>.&nbsp;<\/p>\n\n\n\n<p>2.3. Izpild\u012bt\u0101jam ir ties\u012bbas jebkur\u0101 laik\u0101 vienpus\u0113ji main\u012bt Cenr\u0101di un \u0161\u012b Pied\u0101v\u0101juma l\u012bguma nosac\u012bjumus bez iepriek\u0161\u0113jas vieno\u0161an\u0101s ar Pas\u016bt\u012bt\u0101ju, vienlaikus nodro\u0161inot groz\u012bto noteikumu public\u0113\u0161anu interneta vietn\u0113<a href=\"http:\/\/retreatlatvia.com\/\"> http:\/\/retreatlatvia.com<\/a> ne v\u0113l\u0101k k\u0101 10 (desmit) dienas pirms to st\u0101\u0161an\u0101s sp\u0113k\u0101.<\/p>\n\n\n\n<p><strong>3.<\/strong> <strong>Pakalpojumu snieg\u0161anas nosac\u012bjumi un k\u0101rt\u012bba<\/strong><\/p>\n\n\n\n<p>3.1. Da\u017eiem Pakalpojumiem priek\u0161apmaksa ir oblig\u0101ta. Maks\u0101juma apstiprin\u0101jums noz\u012bm\u0113 ar\u012b tarifa noteikumu un nosac\u012bjumu apstiprin\u0101jumu.<\/p>\n\n\n\n<p>3.2. P\u0113c iepaz\u012b\u0161an\u0101s ar Izpild\u012bt\u0101ja Cenr\u0101di, sniegto Pakalpojumu sarakstu un \u0161\u012b Pied\u0101v\u0101juma l\u012bguma tekstu, Pas\u016bt\u012bt\u0101js interneta vietn\u0113<a href=\"http:\/\/retreatlatvia.com\/\"> http:\/\/retreatlatvia.com<\/a> noform\u0113 elektronisku pieteikumu.<\/p>\n\n\n\n<p>3.3. Visas cenas un tarifi nor\u0101d\u012bti eiro un ietver Latvijas Republik\u0101 noteiktos nodok\u013cus.<\/p>\n\n\n\n<p>3.4. Pamatojoties uz sa\u0146emto piepras\u012bjumu, Pas\u016bt\u012bt\u0101js p\u0101rskaita naudas l\u012bdzek\u013cus, izmantojot banku vai citu elektronisko nor\u0113\u0137inu sist\u0113mu, kuras atbalsta Izpild\u012bt\u0101js, pakalpojumus. Pas\u016bt\u012bt\u0101ja maks\u0101jums par Pakalpojumu ir \u0161\u012b Pied\u0101v\u0101juma l\u012bguma akcepts.<\/p>\n\n\n\n<p>3.5. Pied\u0101v\u0101juma l\u012bgums st\u0101jas sp\u0113k\u0101 p\u0113c tam, kad Pas\u016bt\u012bt\u0101js ir veicis maks\u0101jumu un ieskait\u012bjis naudas l\u012bdzek\u013cus Izpild\u012bt\u0101ja kont\u0101.<\/p>\n\n\n\n<p>3.6. Izpild\u012bt\u0101js ne v\u0113l\u0101k k\u0101 5 (piecu) darba dienu laik\u0101 no Pied\u0101v\u0101juma l\u012bguma akcept\u0113\u0161anas dienas sniedz Pas\u016bt\u012bt\u0101jam elektronisku apstiprin\u0101jumu.<\/p>\n\n\n\n<p>3.7. Izpild\u012bt\u0101js ap\u0146emas nodro\u0161in\u0101t Pakalpojumu snieg\u0161anu Pas\u016bt\u012bt\u0101jam atbilsto\u0161i vi\u0146a izv\u0113l\u0113tajam Pakalpojumam, kas public\u0113ts interneta resurs\u0101:<a href=\"http:\/\/retreatlatvia.com\/\"> http:\/\/retreatlatvia.com<\/a>.<\/p>\n\n\n\n<p>3.8. Izpild\u012bt\u0101js ap\u0146emas sniegt Pakalpojumus kvalitat\u012bvi un noteiktaj\u0101 termi\u0146\u0101.<\/p>\n\n\n\n<p>3.9. Ja p\u0113c izmitin\u0101\u0161anas Pakalpojuma apstiprin\u0101\u0161anas retr\u012btu m\u0101jas \u201cN\u0101rbu\u013ci\u201d interneta vietn\u0113 Izpild\u012bt\u0101js nevar izmitin\u0101t Pas\u016bt\u012bt\u0101ju vi\u0146a rezerv\u0113taj\u0101 istab\u0101, Izpild\u012bt\u0101jam ir pien\u0101kums bez papildu samaksas pied\u0101v\u0101t citu istabu vai citu nak\u0161\u0146o\u0161anas iesp\u0113ju Amatciem\u0101.<\/p>\n\n\n\n<p>3.9. Atcel\u0161ana, izmai\u0146as vai naudas atmaksa tiek veikta Interneta vietn\u0113 vai ar klientu apkalpo\u0161anas noda\u013cas starpniec\u012bbu pa t\u0101lruni +371 22470084.<\/p>\n\n\n\n<p>3.10. Atcel\u0161ana, mai\u0146a vai naudas atgrie\u0161ana ir iesp\u0113jama ar\u012b tad, ja to paredz Latvijas Republikas ties\u012bbu akti.<\/p>\n\n\n\n<p>3.11. Interneta vietn\u0113 ieg\u0101d\u0101tie Pakalpojumi ir pieejami to rezerv\u0113\u0161anas datumos. Datumi nav main\u0101mi, un, ja ieg\u0101d\u0101tie Pakalpojumi netiek izmantoti, tos nevar atgriezt, ja vien konkr\u0113to Pakalpojumu ieg\u0101des noteikumos nav nor\u0101d\u012bts cit\u0101di.<\/p>\n\n\n\n<p>3.12. Lai veiktu izmai\u0146as eso\u0161\u0101 Pakalpojumu pirkum\u0101, \u0161is pirkums Interneta vietn\u0113 ir j\u0101atce\u013c un j\u0101veic jauns pirkums, \u0146emot v\u0113r\u0101, ka Pakalpojuma pieejam\u012bba un \/ vai cena citos datumos var at\u0161\u0137irties.<\/p>\n\n\n\n<p>3.13. Ja Pas\u016bt\u012bt\u0101js ir ieg\u0101d\u0101jies izmitin\u0101\u0161anas Pakalpojumu noteikt\u0101 datum\u0101, bet nav ieradies l\u012bdz t\u0101 pa\u0161a datuma plkst. 23:59 un nav pazi\u0146ojis Izpild\u012bt\u0101jam par kav\u0113\u0161anos; ja Pas\u016bt\u012bt\u0101js ir ieg\u0101d\u0101jies citus Pakalpojumus uz konkr\u0113tu datumu un nav ieradies vienas stundas laik\u0101 p\u0113c noteikt\u0101 Pakalpojuma snieg\u0161anas s\u0101kuma laika; vai ja Pakalpojuma atcel\u0161ana nav veikta termi\u0146\u0101, kas nor\u0101d\u012bts konkr\u0113t\u0101 pirkuma noteikumos, Izpild\u012bt\u0101jam ir ties\u012bbas ietur\u0113t maks\u0101juma summu par izmitin\u0101\u0161anas Pakalpojumiem, visu iemaks\u0101to priek\u0161apmaksas summu piln\u0101 apm\u0113r\u0101 par citiem Pakalpojumiem, k\u0101 ar\u012b rezerv\u0101cijas atcel\u0161anas maksu un visus citus tie\u0161os izdevumus, kas Izpild\u012bt\u0101jam rodas saist\u012bb\u0101 ar pirkuma neizmanto\u0161anu.<\/p>\n\n\n\n<p>3.14. P\u0113c Pas\u016bt\u012bt\u0101ja rakstiska piepras\u012bjuma Izpild\u012bt\u0101js var izsniegt Pied\u0101v\u0101juma l\u012bguma druk\u0101tu versiju ar Pu\u0161u parakstiem, kuras juridiskais sp\u0113ks ir l\u012bdzv\u0113rt\u012bgs \u0161im Pied\u0101v\u0101juma l\u012bgumam.<\/p>\n\n\n\n<p><strong>4.<\/strong> <strong>\u012apa\u0161i nosac\u012bjumi<\/strong><\/p>\n\n\n\n<p>4.1. Izpild\u012bt\u0101js dara visu iesp\u0113jamo, lai nodro\u0161in\u0101tu Pas\u016bt\u012bt\u0101jam kvalitat\u012bvu Pakalpojumu snieg\u0161anu saska\u0146\u0101 ar Cenr\u0101di.<\/p>\n\n\n\n<p>4.2. Izpild\u012bt\u0101js nav atbild\u012bgs par Pied\u0101v\u0101juma l\u012bguma noteikumu p\u0101rk\u0101p\u0161anu, ja \u0161\u0101du p\u0101rk\u0101pumu izrais\u012bju\u0161i nep\u0101rvaramas varas apst\u0101k\u013ci (force majeure), tai skait\u0101: valsts iest\u0101\u017eu r\u012bc\u012bba, ugunsgr\u0113ks, pl\u016bdi, zemestr\u012bce, citas dabas stihijas, elektr\u012bbas tr\u016bkums un \/ vai datort\u012bklu k\u013c\u016bmes, streiki, pilsoniskie nemieri, sacel\u0161an\u0101s un nek\u0101rt\u012bbas, jebkuri citi apst\u0101k\u013ci, neaprobe\u017eojoties ar augst\u0101kmin\u0113to, kas var ietekm\u0113t Izpild\u012bt\u0101ja iesp\u0113jas pild\u012bt \u0161\u012b Pied\u0101v\u0101juma l\u012bguma nosac\u012bjumus un kas ir \u0101rpus Izpild\u012bt\u0101ja kontroles.<\/p>\n\n\n\n<p>4.3. Ja pakalpojumu snieg\u0161ana nav iesp\u0113jama Izpild\u012bt\u0101ja vainas d\u0113\u013c, Izpild\u012bt\u0101js ap\u0146emas atmaks\u0101t Pas\u016bt\u012bt\u0101jam samaks\u0101tos naudas l\u012bdzek\u013cus. Citos gad\u012bjumos naudas l\u012bdzek\u013cu atmaksa netiek veikta.<\/p>\n\n\n\n<p>4.4. Pas\u016bt\u012bt\u0101js un Izpild\u012bt\u0101js ap\u0146emas nodro\u0161in\u0101t Pas\u016bt\u012bt\u0101ja nor\u0113\u0137inu konta datu konfidencialit\u0101ti. Izpild\u012bt\u0101js nav atbild\u012bgs par jebk\u0101da veida zaud\u0113jumiem, kas radu\u0161ies Pas\u016bt\u012bt\u0101jam saist\u012bb\u0101 ar to, ka Pas\u016bt\u012bt\u0101js ir izpaudis savus nor\u0113\u0137inu konta datus. Izpild\u012bt\u0101js nav atbild\u012bgs par jebk\u0101da veida zaud\u0113jumiem, kas Pas\u016bt\u012bt\u0101jam radu\u0161ies saist\u012bb\u0101 ar Pas\u016bt\u012bt\u0101ja nor\u0113\u0137inu konta datu izpau\u0161anu, kas notikusi tre\u0161o personu nesankcion\u0113tas piek\u013cuves Izpild\u012bt\u0101ja nodro\u0161in\u0101tajiem tehniskajiem resursiem rezult\u0101t\u0101. Izpild\u012bt\u0101jam ir piek\u013cuve Pas\u016bt\u012bt\u0101ja inform\u0101cijai tikai Pakalpojumu tehnisk\u0101 nodro\u0161in\u0101juma nol\u016bkos.<\/p>\n\n\n\n<p>4.5. Nekas \u0161aj\u0101 Pied\u0101v\u0101juma l\u012bgum\u0101 nevar tikt saprasts k\u0101 p\u0101rst\u0101vniec\u012bbas attiec\u012bbu, darba attiec\u012bbu, partner\u012bbas attiec\u012bbu, sadarb\u012bbas attiec\u012bbu, person\u012bgas nodarbin\u0101t\u012bbas attiec\u012bbu nodibin\u0101\u0161ana starp Izpild\u012bt\u0101ju un Pas\u016bt\u012bt\u0101ju.<\/p>\n\n\n\n<p><strong>5.<\/strong>\u00a0<strong>Pas\u016bt\u012bt\u0101ja pien\u0101kumi pret Izpild\u012bt\u0101ju<\/strong><\/p>\n\n\n\n<p>5.1. Pas\u016bt\u012bt\u0101jam ir j\u0101iev\u0113ro retr\u012btu m\u0101jas \u201cN\u0101rbu\u013ci\u201d Iek\u0161\u0113j\u0101s k\u0101rt\u012bbas noteikumi, tostarp, bet ne tikai, attur\u0113ties no alkohola lieto\u0161anas un sm\u0113\u0137\u0113\u0161anas retr\u012btu m\u0101j\u0101 \u201cN\u0101rbu\u013ci\u201d.&nbsp; Sm\u0113\u0137\u0113\u0161ana, taj\u0101 skait\u0101 elektronisko cigare\u0161u un tabakas sild\u012b\u0161anas sist\u0113mu lieto\u0161ana at\u013cauta tikai \u0101rpus m\u0101jas speci\u0101li tam paredz\u0113t\u0101 viet\u0101. Pas\u016bt\u012bt\u0101ja pien\u0101kums, saska\u0146\u0101 ar Noteikumos un Nosac\u012bjumos nor\u0101d\u012bto, ir kompens\u0113t un segt naudas sodus.<\/p>\n\n\n\n<p>5.2. Pas\u016bt\u012bt\u0101jam ir pien\u0101kums veikt apmaksu par vis\u0101m sa\u0146emtaj\u0101m prec\u0113m un pakalpojumiem l\u012bdz izbrauk\u0161anai.<\/p>\n\n\n\n<p><strong>6.<\/strong> <strong>Pu\u0161u atbild\u012bba<\/strong><\/p>\n\n\n\n<p>6.1. Par \u0161aj\u0101 Pied\u0101v\u0101juma l\u012bgum\u0101 noteikto saist\u012bbu neizpildi vai nepien\u0101c\u012bgu izpildi Puses ir atbild\u012bgas saska\u0146\u0101 ar sp\u0113k\u0101 eso\u0161o Latvijas Republikas likumdo\u0161anu.<\/p>\n\n\n\n<p><strong>7.<\/strong> <strong>Pied\u0101v\u0101juma l\u012bguma sp\u0113k\u0101 esam\u012bba un str\u012bdu risin\u0101\u0161anas k\u0101rt\u012bba<\/strong><\/p>\n\n\n\n<p>7.1. L\u012bgums st\u0101jas sp\u0113k\u0101 no Pied\u0101v\u0101juma l\u012bguma akcept\u0113\u0161anas br\u012b\u017ea un ir sp\u0113k\u0101 l\u012bdz Pu\u0161u saist\u012bbu izpildei.<\/p>\n\n\n\n<p>7.2. Visi str\u012bdi un domstarp\u012bbas, kas radu\u0161\u0101s starp Pus\u0113m, tiek risin\u0101tas sarunu ce\u013c\u0101. Gad\u012bjum\u0101, ja vieno\u0161an\u0101s netiek pan\u0101kta, Pas\u016bt\u012bt\u0101jam ir ties\u012bbas v\u0113rsties Pat\u0113r\u0113t\u0101ju ties\u012bbu aizsardz\u012bbas centr\u0101. Ja rodas s\u016bdz\u012bbas un jaut\u0101jumi, kas nav aprakst\u012bti \u0161aj\u0101 dokument\u0101, Pas\u016bt\u012bt\u0101jam ir j\u0101vad\u0101s p\u0113c Latvijas Republikas ties\u012bbu aktiem.<\/p>\n\n\n\n<p>7.3. Gad\u012bjum\u0101, ja Pied\u0101v\u0101juma l\u012bguma versija krievu valod\u0101 at\u0161\u0137iras no versijas latvie\u0161u valod\u0101, noteico\u0161\u0101 ir versija krievu valod\u0101.<\/p>\n\n\n\n<p>7.4. Retr\u012btu m\u0101ja \u201cN\u0101rbu\u013ci\u201d var v\u0113rsties p\u0113c pal\u012bdz\u012bbas pie par\u0101du piedzi\u0146as komp\u0101nij\u0101m, ja Pas\u016bt\u012bt\u0101js nesp\u0113j samaks\u0101t par sa\u0146emtaj\u0101m prec\u0113m un pakalpojumiem.<\/p>\n\n\n\n<p><strong>8.<\/strong>\u00a0<strong>Papildu inform\u0101cija<\/strong><\/p>\n\n\n\n<p>8.1. Istaba ir pieejama \u012bpa\u0161i norun\u0101t\u0101 laik\u0101 saska\u0146\u0101 ar ieg\u0101d\u0101to Pakalpojumu paketi. Papildu inform\u0101ciju var ieg\u016bt, zvanot pa t\u0101lruni: +371 29111606 (no 10:00 l\u012bdz 18:00).<\/p>\n\n\n\n<p>8.2. Retr\u012btu m\u0101ja \u201cN\u0101rbu\u013ci\u201d uz\u0146em tikai ieaugu\u0161os, kas vec\u0101ki par 18 gadiem.<\/p>\n\n\n\n<p>8.3. Pas\u016bt\u012bt\u0101js un Izpild\u012bt\u0101js vienojas par \u0161\u0101diem l\u012bgumsodiem:<\/p>\n\n\n\n<p>8.3.1. Par sm\u0113\u0137\u0113\u0161anu retr\u012btu m\u0101jas \u201cN\u0101rbu\u013ci\u201d telp\u0101s, taj\u0101 skait\u0101 uz balkoniem un teras\u0113m, ir j\u0101maks\u0101 summa 250 eiro apm\u0113r\u0101.<\/p>\n\n\n\n<p>8.3.2. Par invent\u0101ra boj\u0101\u0161anu vai z\u0101dz\u012bbu ir j\u0101maks\u0101 summa 250 eiro apm\u0113r\u0101.<\/p>\n\n\n\n<p>8.3.3. Par trok\u0161\u0146o\u0161anu, kas trauc\u0113 citu m\u0101jas iedz\u012bvot\u0101ju un ciemata iedz\u012bvot\u0101ju naktsmieru ir j\u0101maks\u0101 summa 250 eiro apm\u0113r\u0101.<\/p>\n\n\n\n<p>8.4. M\u0101jdz\u012bvnieku uztur\u0113\u0161an\u0101s retr\u012btu m\u0101j\u0101 \u201cN\u0101rbu\u013ci\u201d nav at\u013cauta.<\/p>\n\n\n\n<p>8.5. Autost\u0101vvieta viesiem tiek nodro\u0161in\u0101ta bez maksas speci\u0101li paredz\u0113t\u0101 autost\u0101vviet\u0101.<\/p>\n\n\n\n<p><strong>9.<\/strong> <strong>Izpild\u012bt\u0101ja rekviz\u012bti<\/strong><\/p>\n\n\n\n<p>Uz\u0146\u0113muma nosaukums: RETREAT HOUSE NARBULI SIA<\/p>\n\n\n\n<p>Re\u0123. Nr.: 40203394889<\/p>\n\n\n\n<p>PVN maks\u0101t\u0101ja Nr.: LV40203394889<\/p>\n\n\n\n<p>Adrese: \u201cN\u0100RBU\u013bI\u201d, AMATCIEMS, DRABE\u0160U PAG., C\u0112SU NOV. LV-4101<\/p>\n\n\n\n<p>Banka: Luminor Bank AS, Latvijas fili\u0101le<\/p>\n\n\n\n<p>IBAN kods: LV81RIKO0002930342069<\/p>\n\n\n\n<p>SWIFT: RIKOLV2X<\/p>\n\n\n\n<p>T\u0101lrunis: +371 22470084<\/p>\n\n\n\n<p>E-pasts: info@retreatlatvia.com.comInterneta vietne:<a href=\"https:\/\/www.retreatlatvia.com.com\/\"> https:\/\/www.retreatlatvia.com.com<\/a><\/p>\n","protected":false},"excerpt":{"rendered":"<p>\u201cNARBULI\u201d, AMATCIEMS, DRABESU PAG., CESU NOV. LV-4101 2023. gada 18. apr\u012bl\u012b 1. Visp\u0101r\u012bgi noteikumi 1.1. \u0160is dokuments ir retr\u012btu m\u0101jas \u201cN\u0101rbu\u013ci\u201d (turpm\u0101k tekst\u0101 \u2013 Izpild\u012bt\u0101js) ofici\u0101lais pied\u0101v\u0101jums (turpm\u0101k tekst\u0101 \u2013 Pied\u0101v\u0101juma l\u012bgums) un tas satur visus b\u016btiskos Izpild\u012bt\u0101ja sniegto un Pas\u016bt\u012bt\u0101ja izv\u0113l\u0113to konsult\u0101ciju pakalpojumu un \u012bres pakalpojumu (turpm\u0101k tekst\u0101 \u2013 Pakalpojumi) snieg\u0161anas noteikumus. 1.2. Saska\u0146\u0101 [&hellip;]<\/p>\n","protected":false},"author":1,"featured_media":0,"parent":0,"menu_order":0,"comment_status":"closed","ping_status":"open","template":"","meta":{"inline_featured_image":false,"footnotes":""},"acf":[],"_links":{"self":[{"href":"https:\/\/www.retreatlatvia.com\/lv\/wp-json\/wp\/v2\/pages\/2484"}],"collection":[{"href":"https:\/\/www.retreatlatvia.com\/lv\/wp-json\/wp\/v2\/pages"}],"about":[{"href":"https:\/\/www.retreatlatvia.com\/lv\/wp-json\/wp\/v2\/types\/page"}],"author":[{"embeddable":true,"href":"https:\/\/www.retreatlatvia.com\/lv\/wp-json\/wp\/v2\/users\/1"}],"replies":[{"embeddable":true,"href":"https:\/\/www.retreatlatvia.com\/lv\/wp-json\/wp\/v2\/comments?post=2484"}],"version-history":[{"count":4,"href":"https:\/\/www.retreatlatvia.com\/lv\/wp-json\/wp\/v2\/pages\/2484\/revisions"}],"predecessor-version":[{"id":3668,"href":"https:\/\/www.retreatlatvia.com\/lv\/wp-json\/wp\/v2\/pages\/2484\/revisions\/3668"}],"wp:attachment":[{"href":"https:\/\/www.retreatlatvia.com\/lv\/wp-json\/wp\/v2\/media?parent=2484"}],"curies":[{"name":"wp","href":"https:\/\/api.w.org\/{rel}","templated":true}]}}